{"id":44392,"date":"2023-10-23T12:30:50","date_gmt":"2023-10-23T09:30:50","guid":{"rendered":"https:\/\/finncoin.com\/?post_type=product&#038;p=44392"},"modified":"2023-10-24T20:09:44","modified_gmt":"2023-10-24T17:09:44","slug":"10-markkaa-1930-jarvisen-vaarenne","status":"publish","type":"product","link":"https:\/\/finncoin.com\/fi\/product\/10-markkaa-1930-jarvisen-vaarenne\/","title":{"rendered":"10 Markkaa 1930 J\u00e4rvisen V\u00e4\u00e4renne"},"content":{"rendered":"","protected":false},"excerpt":{"rendered":"<p>27mm<\/p>\n<p>9,78g<\/p>\n<p>Kunto: 1+<\/p>\n","protected":false},"featured_media":44404,"template":"","meta":{"_acf_changed":false},"product_brand":[],"product_cat":[532],"product_tag":[],"class_list":{"0":"post-44392","1":"product","2":"type-product","3":"status-publish","4":"has-post-thumbnail","6":"product_cat-5-10-markkaa-fi","7":"product_shipping_class-kirjeposti","9":"first","10":"outofstock","11":"shipping-taxable","12":"purchasable","13":"product-type-simple"},"acf":[],"_links":{"self":[{"href":"https:\/\/finncoin.com\/fi\/wp-json\/wp\/v2\/product\/44392","targetHints":{"allow":["GET"]}}],"collection":[{"href":"https:\/\/finncoin.com\/fi\/wp-json\/wp\/v2\/product"}],"about":[{"href":"https:\/\/finncoin.com\/fi\/wp-json\/wp\/v2\/types\/product"}],"wp:featuredmedia":[{"embeddable":true,"href":"https:\/\/finncoin.com\/fi\/wp-json\/wp\/v2\/media\/44404"}],"wp:attachment":[{"href":"https:\/\/finncoin.com\/fi\/wp-json\/wp\/v2\/media?parent=44392"}],"wp:term":[{"taxonomy":"product_brand","embeddable":true,"href":"https:\/\/finncoin.com\/fi\/wp-json\/wp\/v2\/product_brand?post=44392"},{"taxonomy":"product_cat","embeddable":true,"href":"https:\/\/finncoin.com\/fi\/wp-json\/wp\/v2\/product_cat?post=44392"},{"taxonomy":"product_tag","embeddable":true,"href":"https:\/\/finncoin.com\/fi\/wp-json\/wp\/v2\/product_tag?post=44392"}],"curies":[{"name":"wp","href":"https:\/\/api.w.org\/{rel}","templated":true}]}}