{"id":43506,"date":"2023-10-06T12:06:37","date_gmt":"2023-10-06T09:06:37","guid":{"rendered":"https:\/\/finncoin.com\/?post_type=product&#038;p=43506"},"modified":"2023-10-06T12:06:37","modified_gmt":"2023-10-06T09:06:37","slug":"venajan-keisarikunta-hyvantekevaisyysyhteiskunta-jetoni","status":"publish","type":"product","link":"https:\/\/finncoin.com\/fi\/product\/venajan-keisarikunta-hyvantekevaisyysyhteiskunta-jetoni\/","title":{"rendered":"Ven\u00e4j\u00e4n keisarikunta hyv\u00e4ntekev\u00e4isyysyhteiskunta jetoni"},"content":{"rendered":"","protected":false},"excerpt":{"rendered":"<p>hopeaa<\/p>\n<p>40 x 22mm<\/p>\n<p>Kunto: Tyydytt\u00e4v\u00e4, naarmuja<\/p>\n","protected":false},"featured_media":43520,"template":"","meta":{"_acf_changed":false},"product_brand":[],"product_cat":[96],"product_tag":[],"class_list":{"0":"post-43506","1":"product","2":"type-product","3":"status-publish","4":"has-post-thumbnail","6":"product_cat-venalaiset-mitalit-1700-1917","7":"product_shipping_class-kirjeposti","9":"first","10":"instock","11":"shipping-taxable","12":"purchasable","13":"product-type-simple"},"acf":[],"_links":{"self":[{"href":"https:\/\/finncoin.com\/fi\/wp-json\/wp\/v2\/product\/43506","targetHints":{"allow":["GET"]}}],"collection":[{"href":"https:\/\/finncoin.com\/fi\/wp-json\/wp\/v2\/product"}],"about":[{"href":"https:\/\/finncoin.com\/fi\/wp-json\/wp\/v2\/types\/product"}],"wp:featuredmedia":[{"embeddable":true,"href":"https:\/\/finncoin.com\/fi\/wp-json\/wp\/v2\/media\/43520"}],"wp:attachment":[{"href":"https:\/\/finncoin.com\/fi\/wp-json\/wp\/v2\/media?parent=43506"}],"wp:term":[{"taxonomy":"product_brand","embeddable":true,"href":"https:\/\/finncoin.com\/fi\/wp-json\/wp\/v2\/product_brand?post=43506"},{"taxonomy":"product_cat","embeddable":true,"href":"https:\/\/finncoin.com\/fi\/wp-json\/wp\/v2\/product_cat?post=43506"},{"taxonomy":"product_tag","embeddable":true,"href":"https:\/\/finncoin.com\/fi\/wp-json\/wp\/v2\/product_tag?post=43506"}],"curies":[{"name":"wp","href":"https:\/\/api.w.org\/{rel}","templated":true}]}}