{"id":40724,"date":"2023-09-12T16:52:24","date_gmt":"2023-09-12T13:52:24","guid":{"rendered":"https:\/\/finncoin.com\/?post_type=product&#038;p=40724"},"modified":"2026-03-06T15:26:56","modified_gmt":"2026-03-06T13:26:56","slug":"carl-otto-bremerin-keulamerkit-ja-era-merkkeja","status":"publish","type":"product","link":"https:\/\/finncoin.com\/fi\/product\/carl-otto-bremerin-keulamerkit-ja-era-merkkeja\/","title":{"rendered":"Carl-Otto Bremerin Keulamerkit ja Er\u00e4 Merkkej\u00e4"},"content":{"rendered":"","protected":false},"excerpt":{"rendered":"<p>Monte Carlon rallin keulamerkit 1958 &amp; 1959, Ruotsin Keulamerkki, N\u00fcrburgringin keulamerkki &#8211; pinssit ja nauhamerkki, Kanonenlopet 1959 &amp; 1960 + pinssi, 4 x palkintomitalit,\u00a0 4 x Monte Carlon ralli ja Puolan ralli rintamerkit, 500 rallin nauha- ja rintamerkit, Kiruna 1957 hopeamitali, Ruotsi 1957 Keskiy\u00f6n auringon rallin rintamerkki, Hankiralli 1957 ja 1960 (voittaja) rintamerkit, Kiruna Moottoriklubin neulamerkki.<\/p>\n<p>https:\/\/www.ewrc-results.com\/profile\/71459-carl-otto-bremer\/<\/p>\n<p>Kunto: Monte carlon 29. keulamerkiss\u00e4 on pikku emalivika, loput ovat hyv\u00e4ss\u00e4 kunnossa<\/p>\n","protected":false},"featured_media":40774,"template":"","meta":{"_acf_changed":false},"product_brand":[],"product_cat":[740],"product_tag":[],"class_list":{"0":"post-40724","1":"product","2":"type-product","3":"status-publish","4":"has-post-thumbnail","6":"product_cat-autot","7":"product_shipping_class-kirjeposti","9":"first","10":"outofstock","11":"shipping-taxable","12":"product-type-simple"},"acf":[],"_links":{"self":[{"href":"https:\/\/finncoin.com\/fi\/wp-json\/wp\/v2\/product\/40724","targetHints":{"allow":["GET"]}}],"collection":[{"href":"https:\/\/finncoin.com\/fi\/wp-json\/wp\/v2\/product"}],"about":[{"href":"https:\/\/finncoin.com\/fi\/wp-json\/wp\/v2\/types\/product"}],"wp:featuredmedia":[{"embeddable":true,"href":"https:\/\/finncoin.com\/fi\/wp-json\/wp\/v2\/media\/40774"}],"wp:attachment":[{"href":"https:\/\/finncoin.com\/fi\/wp-json\/wp\/v2\/media?parent=40724"}],"wp:term":[{"taxonomy":"product_brand","embeddable":true,"href":"https:\/\/finncoin.com\/fi\/wp-json\/wp\/v2\/product_brand?post=40724"},{"taxonomy":"product_cat","embeddable":true,"href":"https:\/\/finncoin.com\/fi\/wp-json\/wp\/v2\/product_cat?post=40724"},{"taxonomy":"product_tag","embeddable":true,"href":"https:\/\/finncoin.com\/fi\/wp-json\/wp\/v2\/product_tag?post=40724"}],"curies":[{"name":"wp","href":"https:\/\/api.w.org\/{rel}","templated":true}]}}