{"id":40060,"date":"2023-09-02T09:59:50","date_gmt":"2023-09-02T06:59:50","guid":{"rendered":"https:\/\/finncoin.com\/?post_type=product&#038;p=40060"},"modified":"2023-09-02T09:59:50","modified_gmt":"2023-09-02T06:59:50","slug":"laakintamies-punainen-risti-kasivarsinauha","status":"publish","type":"product","link":"https:\/\/finncoin.com\/fi\/product\/laakintamies-punainen-risti-kasivarsinauha\/","title":{"rendered":"L\u00e4\u00e4kint\u00e4mies, Punainen risti k\u00e4sivarsinauha"},"content":{"rendered":"","protected":false},"excerpt":{"rendered":"<p>Kunto: Hyv\u00e4<\/p>\n","protected":false},"featured_media":40070,"template":"","meta":{"_acf_changed":false},"product_brand":[],"product_cat":[90],"product_tag":[],"class_list":{"0":"post-40060","1":"product","2":"type-product","3":"status-publish","4":"has-post-thumbnail","6":"product_cat-militaria","7":"product_shipping_class-kirjeposti","9":"first","10":"outofstock","11":"shipping-taxable","12":"purchasable","13":"product-type-simple"},"acf":[],"_links":{"self":[{"href":"https:\/\/finncoin.com\/fi\/wp-json\/wp\/v2\/product\/40060","targetHints":{"allow":["GET"]}}],"collection":[{"href":"https:\/\/finncoin.com\/fi\/wp-json\/wp\/v2\/product"}],"about":[{"href":"https:\/\/finncoin.com\/fi\/wp-json\/wp\/v2\/types\/product"}],"wp:featuredmedia":[{"embeddable":true,"href":"https:\/\/finncoin.com\/fi\/wp-json\/wp\/v2\/media\/40070"}],"wp:attachment":[{"href":"https:\/\/finncoin.com\/fi\/wp-json\/wp\/v2\/media?parent=40060"}],"wp:term":[{"taxonomy":"product_brand","embeddable":true,"href":"https:\/\/finncoin.com\/fi\/wp-json\/wp\/v2\/product_brand?post=40060"},{"taxonomy":"product_cat","embeddable":true,"href":"https:\/\/finncoin.com\/fi\/wp-json\/wp\/v2\/product_cat?post=40060"},{"taxonomy":"product_tag","embeddable":true,"href":"https:\/\/finncoin.com\/fi\/wp-json\/wp\/v2\/product_tag?post=40060"}],"curies":[{"name":"wp","href":"https:\/\/api.w.org\/{rel}","templated":true}]}}