{"id":38612,"date":"2023-08-24T09:48:51","date_gmt":"2023-08-24T06:48:51","guid":{"rendered":"https:\/\/finncoin.com\/?post_type=product&#038;p=38612"},"modified":"2023-08-24T09:48:52","modified_gmt":"2023-08-24T06:48:52","slug":"latvia-2014-2-e-riika-euroopan-kulttuuripaakaupunki-varitetty","status":"publish","type":"product","link":"https:\/\/finncoin.com\/fi\/product\/latvia-2014-2-e-riika-euroopan-kulttuuripaakaupunki-varitetty\/","title":{"rendered":"Latvia 2014 2 \u20ac Riika Euroopan kulttuurip\u00e4\u00e4kaupunki, V\u00e4ritetty"},"content":{"rendered":"","protected":false},"excerpt":{"rendered":"<p>Kunto: 01<\/p>\n","protected":false},"featured_media":38622,"template":"","meta":{"_acf_changed":false},"product_brand":[],"product_cat":[732],"product_tag":[],"class_list":{"0":"post-38612","1":"product","2":"type-product","3":"status-publish","4":"has-post-thumbnail","6":"product_cat-latvia-fi","7":"product_shipping_class-kirjeposti","9":"first","10":"instock","11":"shipping-taxable","12":"purchasable","13":"product-type-simple"},"acf":[],"_links":{"self":[{"href":"https:\/\/finncoin.com\/fi\/wp-json\/wp\/v2\/product\/38612","targetHints":{"allow":["GET"]}}],"collection":[{"href":"https:\/\/finncoin.com\/fi\/wp-json\/wp\/v2\/product"}],"about":[{"href":"https:\/\/finncoin.com\/fi\/wp-json\/wp\/v2\/types\/product"}],"wp:featuredmedia":[{"embeddable":true,"href":"https:\/\/finncoin.com\/fi\/wp-json\/wp\/v2\/media\/38622"}],"wp:attachment":[{"href":"https:\/\/finncoin.com\/fi\/wp-json\/wp\/v2\/media?parent=38612"}],"wp:term":[{"taxonomy":"product_brand","embeddable":true,"href":"https:\/\/finncoin.com\/fi\/wp-json\/wp\/v2\/product_brand?post=38612"},{"taxonomy":"product_cat","embeddable":true,"href":"https:\/\/finncoin.com\/fi\/wp-json\/wp\/v2\/product_cat?post=38612"},{"taxonomy":"product_tag","embeddable":true,"href":"https:\/\/finncoin.com\/fi\/wp-json\/wp\/v2\/product_tag?post=38612"}],"curies":[{"name":"wp","href":"https:\/\/api.w.org\/{rel}","templated":true}]}}