{"id":38460,"date":"2023-08-24T08:25:03","date_gmt":"2023-08-24T05:26:39","guid":{"rendered":"https:\/\/finncoin.com\/?post_type=product&#038;p=38460"},"modified":"2023-08-24T08:26:39","modified_gmt":"2023-08-24T05:26:39","slug":"luxemburg-2014-2-e-kultainen-juhlapaiva-varitetty","status":"publish","type":"product","link":"https:\/\/finncoin.com\/fi\/product\/luxemburg-2014-2-e-kultainen-juhlapaiva-varitetty\/","title":{"rendered":"Luxemburg 2014 2 \u20ac Kultainen juhlap\u00e4iv\u00e4, V\u00e4ritetty"},"content":{"rendered":"","protected":false},"excerpt":{"rendered":"<p>Kunto: 01<\/p>\n","protected":false},"featured_media":38458,"template":"","meta":{"_acf_changed":false},"product_brand":[],"product_cat":[716],"product_tag":[],"class_list":{"0":"post-38460","1":"product","2":"type-product","3":"status-publish","4":"has-post-thumbnail","6":"product_cat-luxemburg","8":"first","9":"instock","10":"shipping-taxable","11":"purchasable","12":"product-type-simple"},"acf":[],"_links":{"self":[{"href":"https:\/\/finncoin.com\/fi\/wp-json\/wp\/v2\/product\/38460","targetHints":{"allow":["GET"]}}],"collection":[{"href":"https:\/\/finncoin.com\/fi\/wp-json\/wp\/v2\/product"}],"about":[{"href":"https:\/\/finncoin.com\/fi\/wp-json\/wp\/v2\/types\/product"}],"wp:featuredmedia":[{"embeddable":true,"href":"https:\/\/finncoin.com\/fi\/wp-json\/wp\/v2\/media\/38458"}],"wp:attachment":[{"href":"https:\/\/finncoin.com\/fi\/wp-json\/wp\/v2\/media?parent=38460"}],"wp:term":[{"taxonomy":"product_brand","embeddable":true,"href":"https:\/\/finncoin.com\/fi\/wp-json\/wp\/v2\/product_brand?post=38460"},{"taxonomy":"product_cat","embeddable":true,"href":"https:\/\/finncoin.com\/fi\/wp-json\/wp\/v2\/product_cat?post=38460"},{"taxonomy":"product_tag","embeddable":true,"href":"https:\/\/finncoin.com\/fi\/wp-json\/wp\/v2\/product_tag?post=38460"}],"curies":[{"name":"wp","href":"https:\/\/api.w.org\/{rel}","templated":true}]}}