{"id":38272,"date":"2023-08-23T13:29:56","date_gmt":"2023-08-23T10:30:38","guid":{"rendered":"https:\/\/finncoin.com\/?post_type=product&#038;p=38272"},"modified":"2025-08-28T21:49:13","modified_gmt":"2025-08-28T18:49:13","slug":"italia-2005-2-e-euroopan-perustuslakisopimuksen-1-vuosipaiva-varitetty","status":"publish","type":"product","link":"https:\/\/finncoin.com\/fi\/product\/italia-2005-2-e-euroopan-perustuslakisopimuksen-1-vuosipaiva-varitetty\/","title":{"rendered":"Italia 2005 2 \u20ac Euroopan perustuslakisopimuksen 1. vuosip\u00e4iv\u00e4, V\u00e4ritetty"},"content":{"rendered":"","protected":false},"excerpt":{"rendered":"<p>Kunto: 01<\/p>\n","protected":false},"featured_media":38270,"template":"","meta":{"_acf_changed":false},"product_brand":[],"product_cat":[],"product_tag":[],"class_list":{"0":"post-38272","1":"product","2":"type-product","3":"status-publish","4":"has-post-thumbnail","7":"first","8":"outofstock","9":"shipping-taxable","10":"purchasable","11":"product-type-simple"},"acf":[],"_links":{"self":[{"href":"https:\/\/finncoin.com\/fi\/wp-json\/wp\/v2\/product\/38272","targetHints":{"allow":["GET"]}}],"collection":[{"href":"https:\/\/finncoin.com\/fi\/wp-json\/wp\/v2\/product"}],"about":[{"href":"https:\/\/finncoin.com\/fi\/wp-json\/wp\/v2\/types\/product"}],"wp:featuredmedia":[{"embeddable":true,"href":"https:\/\/finncoin.com\/fi\/wp-json\/wp\/v2\/media\/38270"}],"wp:attachment":[{"href":"https:\/\/finncoin.com\/fi\/wp-json\/wp\/v2\/media?parent=38272"}],"wp:term":[{"taxonomy":"product_brand","embeddable":true,"href":"https:\/\/finncoin.com\/fi\/wp-json\/wp\/v2\/product_brand?post=38272"},{"taxonomy":"product_cat","embeddable":true,"href":"https:\/\/finncoin.com\/fi\/wp-json\/wp\/v2\/product_cat?post=38272"},{"taxonomy":"product_tag","embeddable":true,"href":"https:\/\/finncoin.com\/fi\/wp-json\/wp\/v2\/product_tag?post=38272"}],"curies":[{"name":"wp","href":"https:\/\/api.w.org\/{rel}","templated":true}]}}