{"id":37314,"date":"2023-08-17T11:04:05","date_gmt":"2023-08-17T08:04:05","guid":{"rendered":"https:\/\/finncoin.com\/?post_type=product&#038;p=37314"},"modified":"2024-07-25T14:13:10","modified_gmt":"2024-07-25T11:13:10","slug":"100-markkaa-1986-korvaava-5991230715-lindblom-hamalainen","status":"publish","type":"product","link":"https:\/\/finncoin.com\/fi\/product\/100-markkaa-1986-korvaava-5991230715-lindblom-hamalainen\/","title":{"rendered":"100 Markkaa 1986 Korvaava 5991230715 Lindblom \u2013 H\u00e4m\u00e4l\u00e4inen"},"content":{"rendered":"","protected":false},"excerpt":{"rendered":"<p>SNY 185.2<\/p>\n<p>Kunto: 1<\/p>\n","protected":false},"featured_media":37320,"template":"","meta":{"_acf_changed":false},"product_brand":[],"product_cat":[985],"product_tag":[],"class_list":{"0":"post-37314","1":"product","2":"type-product","3":"status-publish","4":"has-post-thumbnail","6":"product_cat-100-mk-1986-korvaava","7":"product_shipping_class-kirjeposti","9":"first","10":"instock","11":"shipping-taxable","12":"purchasable","13":"product-type-simple"},"acf":[],"_links":{"self":[{"href":"https:\/\/finncoin.com\/fi\/wp-json\/wp\/v2\/product\/37314","targetHints":{"allow":["GET"]}}],"collection":[{"href":"https:\/\/finncoin.com\/fi\/wp-json\/wp\/v2\/product"}],"about":[{"href":"https:\/\/finncoin.com\/fi\/wp-json\/wp\/v2\/types\/product"}],"wp:featuredmedia":[{"embeddable":true,"href":"https:\/\/finncoin.com\/fi\/wp-json\/wp\/v2\/media\/37320"}],"wp:attachment":[{"href":"https:\/\/finncoin.com\/fi\/wp-json\/wp\/v2\/media?parent=37314"}],"wp:term":[{"taxonomy":"product_brand","embeddable":true,"href":"https:\/\/finncoin.com\/fi\/wp-json\/wp\/v2\/product_brand?post=37314"},{"taxonomy":"product_cat","embeddable":true,"href":"https:\/\/finncoin.com\/fi\/wp-json\/wp\/v2\/product_cat?post=37314"},{"taxonomy":"product_tag","embeddable":true,"href":"https:\/\/finncoin.com\/fi\/wp-json\/wp\/v2\/product_tag?post=37314"}],"curies":[{"name":"wp","href":"https:\/\/api.w.org\/{rel}","templated":true}]}}