{"id":37262,"date":"2023-08-17T10:32:17","date_gmt":"2023-08-17T07:32:17","guid":{"rendered":"https:\/\/finncoin.com\/?post_type=product&#038;p=37262"},"modified":"2026-03-16T19:22:58","modified_gmt":"2026-03-16T17:22:58","slug":"vaara-kartta-2-euroa-2006-2","status":"publish","type":"product","link":"https:\/\/finncoin.com\/fi\/product\/vaara-kartta-2-euroa-2006-2\/","title":{"rendered":"V\u00e4\u00e4r\u00e4 kartta 2 Euroa 2006"},"content":{"rendered":"","protected":false},"excerpt":{"rendered":"<p>SNY 2:10.1.2<\/p>\n<div class=\"product-short-description\">\n<p>Kunto: 1+\/01<\/p>\n<\/div>\n","protected":false},"featured_media":37268,"template":"","meta":{"_acf_changed":false},"product_brand":[],"product_cat":[873,167],"product_tag":[],"class_list":{"0":"post-37262","1":"product","2":"type-product","3":"status-publish","4":"has-post-thumbnail","6":"product_cat-2e-fi","7":"product_cat-virhelyonteja","8":"product_shipping_class-kirjeposti","10":"first","11":"outofstock","12":"shipping-taxable","13":"purchasable","14":"product-type-simple"},"acf":[],"_links":{"self":[{"href":"https:\/\/finncoin.com\/fi\/wp-json\/wp\/v2\/product\/37262","targetHints":{"allow":["GET"]}}],"collection":[{"href":"https:\/\/finncoin.com\/fi\/wp-json\/wp\/v2\/product"}],"about":[{"href":"https:\/\/finncoin.com\/fi\/wp-json\/wp\/v2\/types\/product"}],"wp:featuredmedia":[{"embeddable":true,"href":"https:\/\/finncoin.com\/fi\/wp-json\/wp\/v2\/media\/37268"}],"wp:attachment":[{"href":"https:\/\/finncoin.com\/fi\/wp-json\/wp\/v2\/media?parent=37262"}],"wp:term":[{"taxonomy":"product_brand","embeddable":true,"href":"https:\/\/finncoin.com\/fi\/wp-json\/wp\/v2\/product_brand?post=37262"},{"taxonomy":"product_cat","embeddable":true,"href":"https:\/\/finncoin.com\/fi\/wp-json\/wp\/v2\/product_cat?post=37262"},{"taxonomy":"product_tag","embeddable":true,"href":"https:\/\/finncoin.com\/fi\/wp-json\/wp\/v2\/product_tag?post=37262"}],"curies":[{"name":"wp","href":"https:\/\/api.w.org\/{rel}","templated":true}]}}