{"id":36488,"date":"2023-08-08T13:26:09","date_gmt":"2023-08-08T10:26:09","guid":{"rendered":"https:\/\/finncoin.com\/?post_type=product&#038;p=36488"},"modified":"2023-08-08T13:26:09","modified_gmt":"2023-08-08T10:26:09","slug":"10-pennia-1866-6-kaiverrettu5n-paalle-sny-145-1-2","status":"publish","type":"product","link":"https:\/\/finncoin.com\/fi\/product\/10-pennia-1866-6-kaiverrettu5n-paalle-sny-145-1-2\/","title":{"rendered":"10 Penni\u00e4 1866 &#8217;6&#8217; kaiverrettu&#8217;5&#8242;:n p\u00e4\u00e4lle SNY 145.1.2"},"content":{"rendered":"","protected":false},"excerpt":{"rendered":"<p>SNY 145.1.2<\/p>\n<p>Kunto: 1\/1+<\/p>\n","protected":false},"featured_media":36498,"template":"","meta":{"_acf_changed":false},"product_brand":[],"product_cat":[197],"product_tag":[],"class_list":{"0":"post-36488","1":"product","2":"type-product","3":"status-publish","4":"has-post-thumbnail","6":"product_cat-10-pennia-fi","7":"product_shipping_class-kirjeposti","9":"first","10":"instock","11":"shipping-taxable","12":"purchasable","13":"product-type-simple"},"acf":[],"_links":{"self":[{"href":"https:\/\/finncoin.com\/fi\/wp-json\/wp\/v2\/product\/36488","targetHints":{"allow":["GET"]}}],"collection":[{"href":"https:\/\/finncoin.com\/fi\/wp-json\/wp\/v2\/product"}],"about":[{"href":"https:\/\/finncoin.com\/fi\/wp-json\/wp\/v2\/types\/product"}],"wp:featuredmedia":[{"embeddable":true,"href":"https:\/\/finncoin.com\/fi\/wp-json\/wp\/v2\/media\/36498"}],"wp:attachment":[{"href":"https:\/\/finncoin.com\/fi\/wp-json\/wp\/v2\/media?parent=36488"}],"wp:term":[{"taxonomy":"product_brand","embeddable":true,"href":"https:\/\/finncoin.com\/fi\/wp-json\/wp\/v2\/product_brand?post=36488"},{"taxonomy":"product_cat","embeddable":true,"href":"https:\/\/finncoin.com\/fi\/wp-json\/wp\/v2\/product_cat?post=36488"},{"taxonomy":"product_tag","embeddable":true,"href":"https:\/\/finncoin.com\/fi\/wp-json\/wp\/v2\/product_tag?post=36488"}],"curies":[{"name":"wp","href":"https:\/\/api.w.org\/{rel}","templated":true}]}}