{"id":35382,"date":"2023-07-18T12:15:47","date_gmt":"2023-07-18T09:15:47","guid":{"rendered":"https:\/\/finncoin.com\/?post_type=product&#038;p=35382"},"modified":"2024-07-25T14:11:38","modified_gmt":"2024-07-25T11:11:38","slug":"100-markkaa-1986-korvaava-5991019076-holkeri-hamalainen","status":"publish","type":"product","link":"https:\/\/finncoin.com\/fi\/product\/100-markkaa-1986-korvaava-5991019076-holkeri-hamalainen\/","title":{"rendered":"100 Markkaa 1986 Korvaava 5991019076 Holkeri &#8211; H\u00e4m\u00e4l\u00e4inen"},"content":{"rendered":"","protected":false},"excerpt":{"rendered":"<p>SNY 185.2<\/p>\n<p>Kunto: 1<\/p>\n","protected":false},"featured_media":35388,"template":"","meta":{"_acf_changed":false},"product_brand":[],"product_cat":[985],"product_tag":[],"class_list":{"0":"post-35382","1":"product","2":"type-product","3":"status-publish","4":"has-post-thumbnail","6":"product_cat-100-mk-1986-korvaava","7":"product_shipping_class-kirjeposti","9":"first","10":"instock","11":"shipping-taxable","12":"purchasable","13":"product-type-simple"},"acf":[],"_links":{"self":[{"href":"https:\/\/finncoin.com\/fi\/wp-json\/wp\/v2\/product\/35382","targetHints":{"allow":["GET"]}}],"collection":[{"href":"https:\/\/finncoin.com\/fi\/wp-json\/wp\/v2\/product"}],"about":[{"href":"https:\/\/finncoin.com\/fi\/wp-json\/wp\/v2\/types\/product"}],"wp:featuredmedia":[{"embeddable":true,"href":"https:\/\/finncoin.com\/fi\/wp-json\/wp\/v2\/media\/35388"}],"wp:attachment":[{"href":"https:\/\/finncoin.com\/fi\/wp-json\/wp\/v2\/media?parent=35382"}],"wp:term":[{"taxonomy":"product_brand","embeddable":true,"href":"https:\/\/finncoin.com\/fi\/wp-json\/wp\/v2\/product_brand?post=35382"},{"taxonomy":"product_cat","embeddable":true,"href":"https:\/\/finncoin.com\/fi\/wp-json\/wp\/v2\/product_cat?post=35382"},{"taxonomy":"product_tag","embeddable":true,"href":"https:\/\/finncoin.com\/fi\/wp-json\/wp\/v2\/product_tag?post=35382"}],"curies":[{"name":"wp","href":"https:\/\/api.w.org\/{rel}","templated":true}]}}