{"id":35324,"date":"2023-07-18T10:48:32","date_gmt":"2023-07-18T07:49:15","guid":{"rendered":"https:\/\/finncoin.com\/?post_type=product&#038;p=35324"},"modified":"2025-06-18T23:44:40","modified_gmt":"2025-06-18T20:44:40","slug":"50-markkaa-1986-korvaava-3991137792-uusivirta-hamalainen","status":"publish","type":"product","link":"https:\/\/finncoin.com\/fi\/product\/50-markkaa-1986-korvaava-3991137792-uusivirta-hamalainen\/","title":{"rendered":"50 Markkaa 1986 Korvaava 3991137792 Uusivirta &#8211; H\u00e4m\u00e4l\u00e4inen"},"content":{"rendered":"","protected":false},"excerpt":{"rendered":"<p>SNY 172.2<\/p>\n<p>Kunto: 1<\/p>\n","protected":false},"featured_media":35322,"template":"","meta":{"_acf_changed":false},"product_brand":[],"product_cat":[929],"product_tag":[],"class_list":{"0":"post-35324","1":"product","2":"type-product","3":"status-publish","4":"has-post-thumbnail","6":"product_cat-50-mk-1986-korvaava","8":"first","9":"outofstock","10":"shipping-taxable","11":"purchasable","12":"product-type-simple"},"acf":[],"_links":{"self":[{"href":"https:\/\/finncoin.com\/fi\/wp-json\/wp\/v2\/product\/35324","targetHints":{"allow":["GET"]}}],"collection":[{"href":"https:\/\/finncoin.com\/fi\/wp-json\/wp\/v2\/product"}],"about":[{"href":"https:\/\/finncoin.com\/fi\/wp-json\/wp\/v2\/types\/product"}],"wp:featuredmedia":[{"embeddable":true,"href":"https:\/\/finncoin.com\/fi\/wp-json\/wp\/v2\/media\/35322"}],"wp:attachment":[{"href":"https:\/\/finncoin.com\/fi\/wp-json\/wp\/v2\/media?parent=35324"}],"wp:term":[{"taxonomy":"product_brand","embeddable":true,"href":"https:\/\/finncoin.com\/fi\/wp-json\/wp\/v2\/product_brand?post=35324"},{"taxonomy":"product_cat","embeddable":true,"href":"https:\/\/finncoin.com\/fi\/wp-json\/wp\/v2\/product_cat?post=35324"},{"taxonomy":"product_tag","embeddable":true,"href":"https:\/\/finncoin.com\/fi\/wp-json\/wp\/v2\/product_tag?post=35324"}],"curies":[{"name":"wp","href":"https:\/\/api.w.org\/{rel}","templated":true}]}}