{"id":34746,"date":"2023-07-15T10:03:58","date_gmt":"2023-07-15T07:03:58","guid":{"rendered":"https:\/\/finncoin.com\/?post_type=product&#038;p=34746"},"modified":"2024-06-15T15:06:02","modified_gmt":"2024-06-15T12:06:02","slug":"1-markka-1867-ylimaarainen-terho","status":"publish","type":"product","link":"https:\/\/finncoin.com\/fi\/product\/1-markka-1867-ylimaarainen-terho\/","title":{"rendered":"1 Markka 1867 YLIM\u00c4\u00c4R\u00c4INEN TERHO"},"content":{"rendered":"","protected":false},"excerpt":{"rendered":"<p>Kunto: 1?<\/p>\n<p>SNY 400.1.2<\/p>\n","protected":false},"featured_media":66075,"template":"","meta":{"_acf_changed":false},"product_brand":[],"product_cat":[209],"product_tag":[],"class_list":{"0":"post-34746","1":"product","2":"type-product","3":"status-publish","4":"has-post-thumbnail","6":"product_cat-1-markka-fi","7":"product_shipping_class-kirjeposti","9":"first","10":"instock","11":"shipping-taxable","12":"purchasable","13":"product-type-simple"},"acf":[],"_links":{"self":[{"href":"https:\/\/finncoin.com\/fi\/wp-json\/wp\/v2\/product\/34746","targetHints":{"allow":["GET"]}}],"collection":[{"href":"https:\/\/finncoin.com\/fi\/wp-json\/wp\/v2\/product"}],"about":[{"href":"https:\/\/finncoin.com\/fi\/wp-json\/wp\/v2\/types\/product"}],"wp:featuredmedia":[{"embeddable":true,"href":"https:\/\/finncoin.com\/fi\/wp-json\/wp\/v2\/media\/66075"}],"wp:attachment":[{"href":"https:\/\/finncoin.com\/fi\/wp-json\/wp\/v2\/media?parent=34746"}],"wp:term":[{"taxonomy":"product_brand","embeddable":true,"href":"https:\/\/finncoin.com\/fi\/wp-json\/wp\/v2\/product_brand?post=34746"},{"taxonomy":"product_cat","embeddable":true,"href":"https:\/\/finncoin.com\/fi\/wp-json\/wp\/v2\/product_cat?post=34746"},{"taxonomy":"product_tag","embeddable":true,"href":"https:\/\/finncoin.com\/fi\/wp-json\/wp\/v2\/product_tag?post=34746"}],"curies":[{"name":"wp","href":"https:\/\/api.w.org\/{rel}","templated":true}]}}