{"id":3259,"date":"2022-05-27T15:45:09","date_gmt":"2022-05-27T12:45:09","guid":{"rendered":"http:\/\/finncoin.com.wwwdev.csh.fi\/?post_type=product&#038;p=3259"},"modified":"2026-03-13T09:05:51","modified_gmt":"2026-03-13T07:05:51","slug":"1-markka-1949-cu","status":"publish","type":"product","link":"https:\/\/finncoin.com\/fi\/product\/1-markka-1949-cu\/","title":{"rendered":"1 Markka 1949 Cu"},"content":{"rendered":"","protected":false},"excerpt":{"rendered":"<p>Harvinainen<\/p>\n<p>kupari (CU)<\/p>\n<p>paino 4g<\/p>\n<p>halkaisija 21 mm,<\/p>\n<p>painosm\u00e4\u00e4r\u00e4 noin 250 kpl<\/p>\n<p>kunto: 1+, puhdistettu<\/p>\n","protected":false},"featured_media":41464,"template":"","meta":{"_acf_changed":false},"product_brand":[],"product_cat":[528],"product_tag":[],"class_list":{"0":"post-3259","1":"product","2":"type-product","3":"status-publish","4":"has-post-thumbnail","6":"product_cat-1-markka-fi-3","7":"product_shipping_class-pakettiposti","9":"first","10":"outofstock","11":"sold-individually","12":"shipping-taxable","13":"purchasable","14":"product-type-simple"},"acf":[],"_links":{"self":[{"href":"https:\/\/finncoin.com\/fi\/wp-json\/wp\/v2\/product\/3259","targetHints":{"allow":["GET"]}}],"collection":[{"href":"https:\/\/finncoin.com\/fi\/wp-json\/wp\/v2\/product"}],"about":[{"href":"https:\/\/finncoin.com\/fi\/wp-json\/wp\/v2\/types\/product"}],"wp:featuredmedia":[{"embeddable":true,"href":"https:\/\/finncoin.com\/fi\/wp-json\/wp\/v2\/media\/41464"}],"wp:attachment":[{"href":"https:\/\/finncoin.com\/fi\/wp-json\/wp\/v2\/media?parent=3259"}],"wp:term":[{"taxonomy":"product_brand","embeddable":true,"href":"https:\/\/finncoin.com\/fi\/wp-json\/wp\/v2\/product_brand?post=3259"},{"taxonomy":"product_cat","embeddable":true,"href":"https:\/\/finncoin.com\/fi\/wp-json\/wp\/v2\/product_cat?post=3259"},{"taxonomy":"product_tag","embeddable":true,"href":"https:\/\/finncoin.com\/fi\/wp-json\/wp\/v2\/product_tag?post=3259"}],"curies":[{"name":"wp","href":"https:\/\/api.w.org\/{rel}","templated":true}]}}