{"id":30228,"date":"2023-05-18T09:20:23","date_gmt":"2023-05-18T06:20:23","guid":{"rendered":"https:\/\/finncoin.com\/?post_type=product&#038;p=30228"},"modified":"2023-05-18T09:22:08","modified_gmt":"2023-05-18T06:22:08","slug":"aktiebolaget-vartsila-osakeyhtio-10-pennia-1918-no-8778","status":"publish","type":"product","link":"https:\/\/finncoin.com\/fi\/product\/aktiebolaget-vartsila-osakeyhtio-10-pennia-1918-no-8778\/","title":{"rendered":"Aktiebolaget V\u00e4rtsil\u00e4 Osakeyhti\u00f6 10 Penni\u00e4 1918 N:o 8778"},"content":{"rendered":"","protected":false},"excerpt":{"rendered":"<p>Kunto: 1?<\/p>\n","protected":false},"featured_media":30236,"template":"","meta":{"_acf_changed":false},"product_brand":[],"product_cat":[185],"product_tag":[],"class_list":{"0":"post-30228","1":"product","2":"type-product","3":"status-publish","4":"has-post-thumbnail","6":"product_cat-tilapaisia-maksuvalineita","7":"product_shipping_class-kirjeposti","9":"first","10":"instock","11":"shipping-taxable","12":"purchasable","13":"product-type-simple"},"acf":[],"_links":{"self":[{"href":"https:\/\/finncoin.com\/fi\/wp-json\/wp\/v2\/product\/30228","targetHints":{"allow":["GET"]}}],"collection":[{"href":"https:\/\/finncoin.com\/fi\/wp-json\/wp\/v2\/product"}],"about":[{"href":"https:\/\/finncoin.com\/fi\/wp-json\/wp\/v2\/types\/product"}],"wp:featuredmedia":[{"embeddable":true,"href":"https:\/\/finncoin.com\/fi\/wp-json\/wp\/v2\/media\/30236"}],"wp:attachment":[{"href":"https:\/\/finncoin.com\/fi\/wp-json\/wp\/v2\/media?parent=30228"}],"wp:term":[{"taxonomy":"product_brand","embeddable":true,"href":"https:\/\/finncoin.com\/fi\/wp-json\/wp\/v2\/product_brand?post=30228"},{"taxonomy":"product_cat","embeddable":true,"href":"https:\/\/finncoin.com\/fi\/wp-json\/wp\/v2\/product_cat?post=30228"},{"taxonomy":"product_tag","embeddable":true,"href":"https:\/\/finncoin.com\/fi\/wp-json\/wp\/v2\/product_tag?post=30228"}],"curies":[{"name":"wp","href":"https:\/\/api.w.org\/{rel}","templated":true}]}}