{"id":28688,"date":"2023-04-26T10:16:52","date_gmt":"2023-04-26T07:16:52","guid":{"rendered":"https:\/\/finncoin.com\/?post_type=product&#038;p=28688"},"modified":"2024-06-24T13:44:47","modified_gmt":"2024-06-24T10:44:47","slug":"20-pennia-1963-lyoty-10-pennia-aihiolle-2","status":"publish","type":"product","link":"https:\/\/finncoin.com\/fi\/product\/20-pennia-1963-lyoty-10-pennia-aihiolle-2\/","title":{"rendered":"20 Penni\u00e4 1963, Ly\u00f6ty 10 Penni\u00e4 aihiolle"},"content":{"rendered":"","protected":false},"excerpt":{"rendered":"<p>3g<\/p>\n<p>20mm<\/p>\n<p>Kunto: 1+\/01<\/p>\n","protected":false},"featured_media":69041,"template":"","meta":{"_acf_changed":false},"product_brand":[],"product_cat":[167],"product_tag":[],"class_list":{"0":"post-28688","1":"product","2":"type-product","3":"status-publish","4":"has-post-thumbnail","6":"product_cat-virhelyonteja","7":"product_shipping_class-kirjeposti","9":"first","10":"instock","11":"shipping-taxable","12":"purchasable","13":"product-type-simple"},"acf":[],"_links":{"self":[{"href":"https:\/\/finncoin.com\/fi\/wp-json\/wp\/v2\/product\/28688","targetHints":{"allow":["GET"]}}],"collection":[{"href":"https:\/\/finncoin.com\/fi\/wp-json\/wp\/v2\/product"}],"about":[{"href":"https:\/\/finncoin.com\/fi\/wp-json\/wp\/v2\/types\/product"}],"wp:featuredmedia":[{"embeddable":true,"href":"https:\/\/finncoin.com\/fi\/wp-json\/wp\/v2\/media\/69041"}],"wp:attachment":[{"href":"https:\/\/finncoin.com\/fi\/wp-json\/wp\/v2\/media?parent=28688"}],"wp:term":[{"taxonomy":"product_brand","embeddable":true,"href":"https:\/\/finncoin.com\/fi\/wp-json\/wp\/v2\/product_brand?post=28688"},{"taxonomy":"product_cat","embeddable":true,"href":"https:\/\/finncoin.com\/fi\/wp-json\/wp\/v2\/product_cat?post=28688"},{"taxonomy":"product_tag","embeddable":true,"href":"https:\/\/finncoin.com\/fi\/wp-json\/wp\/v2\/product_tag?post=28688"}],"curies":[{"name":"wp","href":"https:\/\/api.w.org\/{rel}","templated":true}]}}