{"id":28604,"date":"2023-04-22T14:15:07","date_gmt":"2023-04-22T11:15:07","guid":{"rendered":"https:\/\/finncoin.com\/?post_type=product&#038;p=28604"},"modified":"2026-02-10T15:34:03","modified_gmt":"2026-02-10T13:34:03","slug":"ilmavoimien-kurssimerkki-1925-1926","status":"publish","type":"product","link":"https:\/\/finncoin.com\/fi\/product\/ilmavoimien-kurssimerkki-1925-1926\/","title":{"rendered":"Ilmavoimien kurssimerkki 1925-1926"},"content":{"rendered":"","protected":false},"excerpt":{"rendered":"<p>Hopea<\/p>\n<p>26mm<\/p>\n<p>Kunto: Tyydytt\u00e4v\u00e4, pieni isku emalissa merkin yl\u00e4reunassa<\/p>\n","protected":false},"featured_media":57167,"template":"","meta":{"_acf_changed":false},"product_brand":[],"product_cat":[672],"product_tag":[],"class_list":{"0":"post-28604","1":"product","2":"type-product","3":"status-publish","4":"has-post-thumbnail","6":"product_cat-ilmavoimat","7":"product_shipping_class-kirjeposti","9":"first","10":"outofstock","11":"shipping-taxable","12":"purchasable","13":"product-type-simple"},"acf":[],"_links":{"self":[{"href":"https:\/\/finncoin.com\/fi\/wp-json\/wp\/v2\/product\/28604","targetHints":{"allow":["GET"]}}],"collection":[{"href":"https:\/\/finncoin.com\/fi\/wp-json\/wp\/v2\/product"}],"about":[{"href":"https:\/\/finncoin.com\/fi\/wp-json\/wp\/v2\/types\/product"}],"wp:featuredmedia":[{"embeddable":true,"href":"https:\/\/finncoin.com\/fi\/wp-json\/wp\/v2\/media\/57167"}],"wp:attachment":[{"href":"https:\/\/finncoin.com\/fi\/wp-json\/wp\/v2\/media?parent=28604"}],"wp:term":[{"taxonomy":"product_brand","embeddable":true,"href":"https:\/\/finncoin.com\/fi\/wp-json\/wp\/v2\/product_brand?post=28604"},{"taxonomy":"product_cat","embeddable":true,"href":"https:\/\/finncoin.com\/fi\/wp-json\/wp\/v2\/product_cat?post=28604"},{"taxonomy":"product_tag","embeddable":true,"href":"https:\/\/finncoin.com\/fi\/wp-json\/wp\/v2\/product_tag?post=28604"}],"curies":[{"name":"wp","href":"https:\/\/api.w.org\/{rel}","templated":true}]}}