{"id":27904,"date":"2023-04-14T10:29:52","date_gmt":"2023-04-14T07:31:37","guid":{"rendered":"https:\/\/finncoin.com\/?post_type=product&#038;p=27904"},"modified":"2023-04-14T10:31:38","modified_gmt":"2023-04-14T07:31:38","slug":"1936-saksan-olympialaisten-valokuvakirjat-band-1-2-2","status":"publish","type":"product","link":"https:\/\/finncoin.com\/fi\/product\/1936-saksan-olympialaisten-valokuvakirjat-band-1-2-2\/","title":{"rendered":"1936 Saksan Olympialaisten Valokuvakirjat, Band 1 &#038; 2"},"content":{"rendered":"","protected":false},"excerpt":{"rendered":"<p>2 Kirjasarja vuoden 1936 Saksan olympialaisista. Kaikki sivut ja kuvat tallella. Kirjassa 1 on yksi sivua, joissa on repeytymi\u00e4. Muuten k\u00e4tev\u00e4ss\u00e4 kunnossa.<\/p>\n","protected":false},"featured_media":27902,"template":"","meta":{"_acf_changed":false},"product_brand":[],"product_cat":[91],"product_tag":[],"class_list":{"0":"post-27904","1":"product","2":"type-product","3":"status-publish","4":"has-post-thumbnail","6":"product_cat-olympia","7":"product_shipping_class-pakettiposti","9":"first","10":"instock","11":"shipping-taxable","12":"purchasable","13":"product-type-simple"},"acf":[],"_links":{"self":[{"href":"https:\/\/finncoin.com\/fi\/wp-json\/wp\/v2\/product\/27904","targetHints":{"allow":["GET"]}}],"collection":[{"href":"https:\/\/finncoin.com\/fi\/wp-json\/wp\/v2\/product"}],"about":[{"href":"https:\/\/finncoin.com\/fi\/wp-json\/wp\/v2\/types\/product"}],"wp:featuredmedia":[{"embeddable":true,"href":"https:\/\/finncoin.com\/fi\/wp-json\/wp\/v2\/media\/27902"}],"wp:attachment":[{"href":"https:\/\/finncoin.com\/fi\/wp-json\/wp\/v2\/media?parent=27904"}],"wp:term":[{"taxonomy":"product_brand","embeddable":true,"href":"https:\/\/finncoin.com\/fi\/wp-json\/wp\/v2\/product_brand?post=27904"},{"taxonomy":"product_cat","embeddable":true,"href":"https:\/\/finncoin.com\/fi\/wp-json\/wp\/v2\/product_cat?post=27904"},{"taxonomy":"product_tag","embeddable":true,"href":"https:\/\/finncoin.com\/fi\/wp-json\/wp\/v2\/product_tag?post=27904"}],"curies":[{"name":"wp","href":"https:\/\/api.w.org\/{rel}","templated":true}]}}