{"id":26510,"date":"2023-03-21T13:29:49","date_gmt":"2023-03-21T11:29:49","guid":{"rendered":"https:\/\/finncoin.com\/?post_type=product&#038;p=26510"},"modified":"2026-01-09T23:24:00","modified_gmt":"2026-01-09T21:24:00","slug":"talvisodan-muistomitalit-1939-1940-taydellinen-sarja","status":"publish","type":"product","link":"https:\/\/finncoin.com\/fi\/product\/talvisodan-muistomitalit-1939-1940-taydellinen-sarja\/","title":{"rendered":"Talvisodan Muistomitalit 1939-1940, T\u00e4ydellinen Sarja"},"content":{"rendered":"","protected":false},"excerpt":{"rendered":"<p>Ulkomaalaisille Hopeisena, Pronssisena ja Rautaisena<\/p>\n<p>15 solkea: Kainuu, Karjalan Kannas, Koivisto, Laatokan-Karjala,, Lappi, Mantsinsaari, Pohjois-Karjala, Summa, Suomussalmi, Taipale, Tolvaj\u00e4rvi, Kentt\u00e4\u00e4rmeija, Kotijoukot, Ilmapuolustus, Rannikkopuolustus<\/p>\n<p>Kunto: Hyv\u00e4<\/p>\n","protected":false},"featured_media":26508,"template":"","meta":{"_acf_changed":false},"product_brand":[],"product_cat":[89],"product_tag":[],"class_list":{"0":"post-26510","1":"product","2":"type-product","3":"status-publish","4":"has-post-thumbnail","6":"product_cat-talvisota-1939-1940","8":"first","9":"outofstock","10":"shipping-taxable","11":"product-type-simple"},"acf":[],"_links":{"self":[{"href":"https:\/\/finncoin.com\/fi\/wp-json\/wp\/v2\/product\/26510","targetHints":{"allow":["GET"]}}],"collection":[{"href":"https:\/\/finncoin.com\/fi\/wp-json\/wp\/v2\/product"}],"about":[{"href":"https:\/\/finncoin.com\/fi\/wp-json\/wp\/v2\/types\/product"}],"wp:featuredmedia":[{"embeddable":true,"href":"https:\/\/finncoin.com\/fi\/wp-json\/wp\/v2\/media\/26508"}],"wp:attachment":[{"href":"https:\/\/finncoin.com\/fi\/wp-json\/wp\/v2\/media?parent=26510"}],"wp:term":[{"taxonomy":"product_brand","embeddable":true,"href":"https:\/\/finncoin.com\/fi\/wp-json\/wp\/v2\/product_brand?post=26510"},{"taxonomy":"product_cat","embeddable":true,"href":"https:\/\/finncoin.com\/fi\/wp-json\/wp\/v2\/product_cat?post=26510"},{"taxonomy":"product_tag","embeddable":true,"href":"https:\/\/finncoin.com\/fi\/wp-json\/wp\/v2\/product_tag?post=26510"}],"curies":[{"name":"wp","href":"https:\/\/api.w.org\/{rel}","templated":true}]}}