{"id":26194,"date":"2023-03-16T14:44:25","date_gmt":"2023-03-16T12:44:50","guid":{"rendered":"https:\/\/finncoin.com\/?post_type=product&#038;p=26194"},"modified":"2023-03-16T14:44:51","modified_gmt":"2023-03-16T12:44:51","slug":"svarta-bruk-sa-1801-i-l-k-1-last-kol-7","status":"publish","type":"product","link":"https:\/\/finncoin.com\/fi\/product\/svarta-bruk-sa-1801-i-l-k-1-last-kol-7\/","title":{"rendered":"Svart\u00e5 Bruk S\u00c5 1801, I.L.K (1 L\u00e4st Kol)"},"content":{"rendered":"","protected":false},"excerpt":{"rendered":"<p>Kupari<\/p>\n<p>33,5mm<\/p>\n<p>Vuori X2:2<\/p>\n<p>Kunto: 1<\/p>\n","protected":false},"featured_media":75667,"template":"","meta":{"_acf_changed":false},"product_brand":[],"product_cat":[245],"product_tag":[],"class_list":{"0":"post-26194","1":"product","2":"type-product","3":"status-publish","4":"has-post-thumbnail","6":"product_cat-poletit","8":"first","9":"instock","10":"shipping-taxable","11":"purchasable","12":"product-type-simple"},"acf":[],"_links":{"self":[{"href":"https:\/\/finncoin.com\/fi\/wp-json\/wp\/v2\/product\/26194","targetHints":{"allow":["GET"]}}],"collection":[{"href":"https:\/\/finncoin.com\/fi\/wp-json\/wp\/v2\/product"}],"about":[{"href":"https:\/\/finncoin.com\/fi\/wp-json\/wp\/v2\/types\/product"}],"wp:featuredmedia":[{"embeddable":true,"href":"https:\/\/finncoin.com\/fi\/wp-json\/wp\/v2\/media\/75667"}],"wp:attachment":[{"href":"https:\/\/finncoin.com\/fi\/wp-json\/wp\/v2\/media?parent=26194"}],"wp:term":[{"taxonomy":"product_brand","embeddable":true,"href":"https:\/\/finncoin.com\/fi\/wp-json\/wp\/v2\/product_brand?post=26194"},{"taxonomy":"product_cat","embeddable":true,"href":"https:\/\/finncoin.com\/fi\/wp-json\/wp\/v2\/product_cat?post=26194"},{"taxonomy":"product_tag","embeddable":true,"href":"https:\/\/finncoin.com\/fi\/wp-json\/wp\/v2\/product_tag?post=26194"}],"curies":[{"name":"wp","href":"https:\/\/api.w.org\/{rel}","templated":true}]}}