{"id":25986,"date":"2023-03-15T10:19:15","date_gmt":"2023-03-15T08:19:15","guid":{"rendered":"https:\/\/finncoin.com\/?post_type=product&#038;p=25986"},"modified":"2024-08-07T10:09:16","modified_gmt":"2024-08-07T07:09:16","slug":"svarta-bruk-sa-1801-i-l-k-1-last-kol-2","status":"publish","type":"product","link":"https:\/\/finncoin.com\/fi\/product\/svarta-bruk-sa-1801-i-l-k-1-last-kol-2\/","title":{"rendered":"Svart\u00e5 Bruk S\u00c5 1801, I.L.K (1 L\u00e4st Kol)"},"content":{"rendered":"","protected":false},"excerpt":{"rendered":"<p>Kupari<\/p>\n<p>34mm<\/p>\n<p>Vuori X2:2<\/p>\n<p>Kunto: 1?\/1<\/p>\n","protected":false},"featured_media":75799,"template":"","meta":{"_acf_changed":false},"product_brand":[],"product_cat":[245],"product_tag":[],"class_list":{"0":"post-25986","1":"product","2":"type-product","3":"status-publish","4":"has-post-thumbnail","6":"product_cat-poletit","7":"product_shipping_class-kirjeposti","9":"first","10":"instock","11":"shipping-taxable","12":"purchasable","13":"product-type-simple"},"acf":[],"_links":{"self":[{"href":"https:\/\/finncoin.com\/fi\/wp-json\/wp\/v2\/product\/25986","targetHints":{"allow":["GET"]}}],"collection":[{"href":"https:\/\/finncoin.com\/fi\/wp-json\/wp\/v2\/product"}],"about":[{"href":"https:\/\/finncoin.com\/fi\/wp-json\/wp\/v2\/types\/product"}],"wp:featuredmedia":[{"embeddable":true,"href":"https:\/\/finncoin.com\/fi\/wp-json\/wp\/v2\/media\/75799"}],"wp:attachment":[{"href":"https:\/\/finncoin.com\/fi\/wp-json\/wp\/v2\/media?parent=25986"}],"wp:term":[{"taxonomy":"product_brand","embeddable":true,"href":"https:\/\/finncoin.com\/fi\/wp-json\/wp\/v2\/product_brand?post=25986"},{"taxonomy":"product_cat","embeddable":true,"href":"https:\/\/finncoin.com\/fi\/wp-json\/wp\/v2\/product_cat?post=25986"},{"taxonomy":"product_tag","embeddable":true,"href":"https:\/\/finncoin.com\/fi\/wp-json\/wp\/v2\/product_tag?post=25986"}],"curies":[{"name":"wp","href":"https:\/\/api.w.org\/{rel}","templated":true}]}}