{"id":25902,"date":"2023-03-14T11:06:08","date_gmt":"2023-03-14T09:06:08","guid":{"rendered":"https:\/\/finncoin.com\/?post_type=product&#038;p=25902"},"modified":"2023-03-14T11:06:09","modified_gmt":"2023-03-14T09:06:09","slug":"sa-hihanauha-elainlaakinta","status":"publish","type":"product","link":"https:\/\/finncoin.com\/fi\/product\/sa-hihanauha-elainlaakinta\/","title":{"rendered":"SA hihanauha, El\u00e4inl\u00e4\u00e4kint\u00e4"},"content":{"rendered":"","protected":false},"excerpt":{"rendered":"<p>Kunto: Tyydytt\u00e4v\u00e4<\/p>\n","protected":false},"featured_media":25908,"template":"","meta":{"_acf_changed":false},"product_brand":[],"product_cat":[90],"product_tag":[],"class_list":{"0":"post-25902","1":"product","2":"type-product","3":"status-publish","4":"has-post-thumbnail","6":"product_cat-militaria","7":"product_shipping_class-kirjeposti","9":"first","10":"instock","11":"shipping-taxable","12":"purchasable","13":"product-type-simple"},"acf":[],"_links":{"self":[{"href":"https:\/\/finncoin.com\/fi\/wp-json\/wp\/v2\/product\/25902","targetHints":{"allow":["GET"]}}],"collection":[{"href":"https:\/\/finncoin.com\/fi\/wp-json\/wp\/v2\/product"}],"about":[{"href":"https:\/\/finncoin.com\/fi\/wp-json\/wp\/v2\/types\/product"}],"wp:featuredmedia":[{"embeddable":true,"href":"https:\/\/finncoin.com\/fi\/wp-json\/wp\/v2\/media\/25908"}],"wp:attachment":[{"href":"https:\/\/finncoin.com\/fi\/wp-json\/wp\/v2\/media?parent=25902"}],"wp:term":[{"taxonomy":"product_brand","embeddable":true,"href":"https:\/\/finncoin.com\/fi\/wp-json\/wp\/v2\/product_brand?post=25902"},{"taxonomy":"product_cat","embeddable":true,"href":"https:\/\/finncoin.com\/fi\/wp-json\/wp\/v2\/product_cat?post=25902"},{"taxonomy":"product_tag","embeddable":true,"href":"https:\/\/finncoin.com\/fi\/wp-json\/wp\/v2\/product_tag?post=25902"}],"curies":[{"name":"wp","href":"https:\/\/api.w.org\/{rel}","templated":true}]}}