{"id":23964,"date":"2023-02-14T14:06:50","date_gmt":"2023-02-14T12:10:09","guid":{"rendered":"https:\/\/finncoin.com\/?post_type=product&#038;p=23964"},"modified":"2023-02-14T14:10:10","modified_gmt":"2023-02-14T12:10:10","slug":"20-markkaa-1909-3468238-klingsten-kirmasen-vaarennos","status":"publish","type":"product","link":"https:\/\/finncoin.com\/fi\/product\/20-markkaa-1909-3468238-klingsten-kirmasen-vaarennos\/","title":{"rendered":"20 Markkaa 1909 3468238 Klingsten-Kirmasen V\u00e4\u00e4renn\u00f6s"},"content":{"rendered":"","protected":false},"excerpt":{"rendered":"<p>Kunto: 1?\/1, reik\u00e4<\/p>\n","protected":false},"featured_media":23960,"template":"","meta":{"_acf_changed":false},"product_brand":[],"product_cat":[656],"product_tag":[],"class_list":{"0":"post-23964","1":"product","2":"type-product","3":"status-publish","4":"has-post-thumbnail","6":"product_cat-20-markkaa-fi-2","8":"first","9":"instock","10":"shipping-taxable","11":"purchasable","12":"product-type-simple"},"acf":[],"_links":{"self":[{"href":"https:\/\/finncoin.com\/fi\/wp-json\/wp\/v2\/product\/23964","targetHints":{"allow":["GET"]}}],"collection":[{"href":"https:\/\/finncoin.com\/fi\/wp-json\/wp\/v2\/product"}],"about":[{"href":"https:\/\/finncoin.com\/fi\/wp-json\/wp\/v2\/types\/product"}],"wp:featuredmedia":[{"embeddable":true,"href":"https:\/\/finncoin.com\/fi\/wp-json\/wp\/v2\/media\/23960"}],"wp:attachment":[{"href":"https:\/\/finncoin.com\/fi\/wp-json\/wp\/v2\/media?parent=23964"}],"wp:term":[{"taxonomy":"product_brand","embeddable":true,"href":"https:\/\/finncoin.com\/fi\/wp-json\/wp\/v2\/product_brand?post=23964"},{"taxonomy":"product_cat","embeddable":true,"href":"https:\/\/finncoin.com\/fi\/wp-json\/wp\/v2\/product_cat?post=23964"},{"taxonomy":"product_tag","embeddable":true,"href":"https:\/\/finncoin.com\/fi\/wp-json\/wp\/v2\/product_tag?post=23964"}],"curies":[{"name":"wp","href":"https:\/\/api.w.org\/{rel}","templated":true}]}}