{"id":23614,"date":"2023-02-10T10:40:57","date_gmt":"2023-02-10T08:40:57","guid":{"rendered":"https:\/\/finncoin.com\/?post_type=product&#038;p=23614"},"modified":"2023-05-25T19:05:38","modified_gmt":"2023-05-25T16:05:38","slug":"10-markkaa-1882-aikalainen-vaarennos-ex-holmasto","status":"publish","type":"product","link":"https:\/\/finncoin.com\/fi\/product\/10-markkaa-1882-aikalainen-vaarennos-ex-holmasto\/","title":{"rendered":"10 Markkaa 1882 Aikalainen V\u00e4\u00e4renn\u00f6s, Ex. Holmasto"},"content":{"rendered":"","protected":false},"excerpt":{"rendered":"<p>Holmasto 17.05.2014 #490<\/p>\n<p>&#8221;Turun V\u00e4\u00e4renn\u00f6s&#8221;<\/p>\n<p>Kunto: 1?\/1, reik\u00e4, repeytymi\u00e4<\/p>\n<p>&nbsp;<\/p>\n","protected":false},"featured_media":23632,"template":"","meta":{"_acf_changed":false},"product_brand":[],"product_cat":[76],"product_tag":[],"class_list":{"0":"post-23614","1":"product","2":"type-product","3":"status-publish","4":"has-post-thumbnail","6":"product_cat-suomalaiset-setelit-1812-1917","7":"product_shipping_class-kirjeposti","9":"first","10":"outofstock","11":"shipping-taxable","12":"purchasable","13":"product-type-simple"},"acf":[],"_links":{"self":[{"href":"https:\/\/finncoin.com\/fi\/wp-json\/wp\/v2\/product\/23614","targetHints":{"allow":["GET"]}}],"collection":[{"href":"https:\/\/finncoin.com\/fi\/wp-json\/wp\/v2\/product"}],"about":[{"href":"https:\/\/finncoin.com\/fi\/wp-json\/wp\/v2\/types\/product"}],"wp:featuredmedia":[{"embeddable":true,"href":"https:\/\/finncoin.com\/fi\/wp-json\/wp\/v2\/media\/23632"}],"wp:attachment":[{"href":"https:\/\/finncoin.com\/fi\/wp-json\/wp\/v2\/media?parent=23614"}],"wp:term":[{"taxonomy":"product_brand","embeddable":true,"href":"https:\/\/finncoin.com\/fi\/wp-json\/wp\/v2\/product_brand?post=23614"},{"taxonomy":"product_cat","embeddable":true,"href":"https:\/\/finncoin.com\/fi\/wp-json\/wp\/v2\/product_cat?post=23614"},{"taxonomy":"product_tag","embeddable":true,"href":"https:\/\/finncoin.com\/fi\/wp-json\/wp\/v2\/product_tag?post=23614"}],"curies":[{"name":"wp","href":"https:\/\/api.w.org\/{rel}","templated":true}]}}