{"id":2267,"date":"2022-05-22T09:30:38","date_gmt":"2022-05-22T06:37:34","guid":{"rendered":"http:\/\/finncoin.com.wwwdev.csh.fi\/?post_type=product&#038;p=2267"},"modified":"2022-05-22T09:37:35","modified_gmt":"2022-05-22T06:37:35","slug":"venaja-135-kertsin-jalkavakirykmentti-jetoni","status":"publish","type":"product","link":"https:\/\/finncoin.com\/fi\/product\/venaja-135-kertsin-jalkavakirykmentti-jetoni\/","title":{"rendered":"Ven\u00e4j\u00e4 135. Kert\u0161in jalkav\u00e4kirykmentti Jetoni"},"content":{"rendered":"","protected":false},"excerpt":{"rendered":"<p>hopea ja emali<\/p>\n<p>kunto: Tyydytt\u00e4v\u00e4, emali on korjattu<\/p>\n","protected":false},"featured_media":2265,"template":"","meta":{"_acf_changed":false},"product_brand":[],"product_cat":[96],"product_tag":[],"class_list":{"0":"post-2267","1":"product","2":"type-product","3":"status-publish","4":"has-post-thumbnail","6":"product_cat-venalaiset-mitalit-1700-1917","7":"product_shipping_class-kirjeposti","9":"first","10":"instock","11":"sold-individually","12":"shipping-taxable","13":"purchasable","14":"product-type-simple"},"acf":[],"_links":{"self":[{"href":"https:\/\/finncoin.com\/fi\/wp-json\/wp\/v2\/product\/2267","targetHints":{"allow":["GET"]}}],"collection":[{"href":"https:\/\/finncoin.com\/fi\/wp-json\/wp\/v2\/product"}],"about":[{"href":"https:\/\/finncoin.com\/fi\/wp-json\/wp\/v2\/types\/product"}],"wp:featuredmedia":[{"embeddable":true,"href":"https:\/\/finncoin.com\/fi\/wp-json\/wp\/v2\/media\/2265"}],"wp:attachment":[{"href":"https:\/\/finncoin.com\/fi\/wp-json\/wp\/v2\/media?parent=2267"}],"wp:term":[{"taxonomy":"product_brand","embeddable":true,"href":"https:\/\/finncoin.com\/fi\/wp-json\/wp\/v2\/product_brand?post=2267"},{"taxonomy":"product_cat","embeddable":true,"href":"https:\/\/finncoin.com\/fi\/wp-json\/wp\/v2\/product_cat?post=2267"},{"taxonomy":"product_tag","embeddable":true,"href":"https:\/\/finncoin.com\/fi\/wp-json\/wp\/v2\/product_tag?post=2267"}],"curies":[{"name":"wp","href":"https:\/\/api.w.org\/{rel}","templated":true}]}}