{"id":2227,"date":"2022-05-22T09:09:51","date_gmt":"2022-05-22T06:13:07","guid":{"rendered":"http:\/\/finncoin.com.wwwdev.csh.fi\/?post_type=product&#038;p=2227"},"modified":"2022-05-22T09:13:07","modified_gmt":"2022-05-22T06:13:07","slug":"pyhan-annan-ritarikunnan-kunniamerkki-4-luokka","status":"publish","type":"product","link":"https:\/\/finncoin.com\/fi\/product\/pyhan-annan-ritarikunnan-kunniamerkki-4-luokka\/","title":{"rendered":"pyh\u00e4n annan ritarikunnan kunniamerkki, 4. luokka"},"content":{"rendered":"","protected":false},"excerpt":{"rendered":"<p>N\u00e4m\u00e4 kappaleet kiinnitettiin palkintoaseisiin<\/p>\n<p>20,5 x 28mm<\/p>\n<p>pronssi &amp; Punainen emali<\/p>\n","protected":false},"featured_media":57307,"template":"","meta":{"_acf_changed":false},"product_brand":[],"product_cat":[96],"product_tag":[],"class_list":{"0":"post-2227","1":"product","2":"type-product","3":"status-publish","4":"has-post-thumbnail","6":"product_cat-venalaiset-mitalit-1700-1917","7":"product_shipping_class-kirjeposti","9":"first","10":"instock","11":"sold-individually","12":"shipping-taxable","13":"purchasable","14":"product-type-simple"},"acf":[],"_links":{"self":[{"href":"https:\/\/finncoin.com\/fi\/wp-json\/wp\/v2\/product\/2227","targetHints":{"allow":["GET"]}}],"collection":[{"href":"https:\/\/finncoin.com\/fi\/wp-json\/wp\/v2\/product"}],"about":[{"href":"https:\/\/finncoin.com\/fi\/wp-json\/wp\/v2\/types\/product"}],"wp:featuredmedia":[{"embeddable":true,"href":"https:\/\/finncoin.com\/fi\/wp-json\/wp\/v2\/media\/57307"}],"wp:attachment":[{"href":"https:\/\/finncoin.com\/fi\/wp-json\/wp\/v2\/media?parent=2227"}],"wp:term":[{"taxonomy":"product_brand","embeddable":true,"href":"https:\/\/finncoin.com\/fi\/wp-json\/wp\/v2\/product_brand?post=2227"},{"taxonomy":"product_cat","embeddable":true,"href":"https:\/\/finncoin.com\/fi\/wp-json\/wp\/v2\/product_cat?post=2227"},{"taxonomy":"product_tag","embeddable":true,"href":"https:\/\/finncoin.com\/fi\/wp-json\/wp\/v2\/product_tag?post=2227"}],"curies":[{"name":"wp","href":"https:\/\/api.w.org\/{rel}","templated":true}]}}