{"id":21514,"date":"2022-12-22T10:43:53","date_gmt":"2022-12-22T08:49:01","guid":{"rendered":"https:\/\/finncoin.com\/?post_type=product&#038;p=21514"},"modified":"2022-12-22T10:49:02","modified_gmt":"2022-12-22T08:49:02","slug":"syyria-augustus-27-bc-ad-14-ae-as-vastaleima-ex-pro-keraily","status":"publish","type":"product","link":"https:\/\/finncoin.com\/fi\/product\/syyria-augustus-27-bc-ad-14-ae-as-vastaleima-ex-pro-keraily\/","title":{"rendered":"Syyria, Augustus. 27 BC-AD 14. \u00c6 As, Vastaleima, Ex. Pro Ker\u00e4ily"},"content":{"rendered":"","protected":false},"excerpt":{"rendered":"<p>\u00c6 27<\/p>\n<p>Countermark applied before AD 115-116. &#8221;M &#8217;NW&#8221; (Manou in Old Edessan) in a square stamp on a bronze of Augustus from Antioch.<\/p>\n<p>Note: countermark was applied by one of the Kings of Osroene by the name of Manou.<\/p>\n<p>Howgego 695<\/p>\n<p>Kunto: 1?<\/p>\n","protected":false},"featured_media":42682,"template":"","meta":{"_acf_changed":false},"product_brand":[],"product_cat":[388],"product_tag":[],"class_list":{"0":"post-21514","1":"product","2":"type-product","3":"status-publish","4":"has-post-thumbnail","6":"product_cat-rooman-keisarikunta","8":"first","9":"instock","10":"shipping-taxable","11":"purchasable","12":"product-type-simple"},"acf":[],"_links":{"self":[{"href":"https:\/\/finncoin.com\/fi\/wp-json\/wp\/v2\/product\/21514","targetHints":{"allow":["GET"]}}],"collection":[{"href":"https:\/\/finncoin.com\/fi\/wp-json\/wp\/v2\/product"}],"about":[{"href":"https:\/\/finncoin.com\/fi\/wp-json\/wp\/v2\/types\/product"}],"wp:featuredmedia":[{"embeddable":true,"href":"https:\/\/finncoin.com\/fi\/wp-json\/wp\/v2\/media\/42682"}],"wp:attachment":[{"href":"https:\/\/finncoin.com\/fi\/wp-json\/wp\/v2\/media?parent=21514"}],"wp:term":[{"taxonomy":"product_brand","embeddable":true,"href":"https:\/\/finncoin.com\/fi\/wp-json\/wp\/v2\/product_brand?post=21514"},{"taxonomy":"product_cat","embeddable":true,"href":"https:\/\/finncoin.com\/fi\/wp-json\/wp\/v2\/product_cat?post=21514"},{"taxonomy":"product_tag","embeddable":true,"href":"https:\/\/finncoin.com\/fi\/wp-json\/wp\/v2\/product_tag?post=21514"}],"curies":[{"name":"wp","href":"https:\/\/api.w.org\/{rel}","templated":true}]}}