{"id":2135,"date":"2022-05-21T21:47:53","date_gmt":"2022-05-21T18:48:52","guid":{"rendered":"http:\/\/finncoin.com.wwwdev.csh.fi\/?post_type=product&#038;p=2135"},"modified":"2022-08-28T12:14:52","modified_gmt":"2022-08-28T09:14:52","slug":"vaasan-osake-pankki-100-markkaa-1918-77869","status":"publish","type":"product","link":"https:\/\/finncoin.com\/fi\/product\/vaasan-osake-pankki-100-markkaa-1918-77869\/","title":{"rendered":"Vaasan Osake Pankki 100 Markkaa 1918 77869"},"content":{"rendered":"","protected":false},"excerpt":{"rendered":"<p>kunto: kl 3, keskell\u00e4 repe\u00e4m\u00e4<\/p>\n","protected":false},"featured_media":2133,"template":"","meta":{"_acf_changed":false},"product_brand":[],"product_cat":[305],"product_tag":[],"class_list":{"0":"post-2135","1":"product","2":"type-product","3":"status-publish","4":"has-post-thumbnail","6":"product_cat-1918-vaasan-osake-pankki","7":"product_shipping_class-kirjeposti","9":"first","10":"instock","11":"sold-individually","12":"shipping-taxable","13":"purchasable","14":"product-type-simple"},"acf":[],"_links":{"self":[{"href":"https:\/\/finncoin.com\/fi\/wp-json\/wp\/v2\/product\/2135","targetHints":{"allow":["GET"]}}],"collection":[{"href":"https:\/\/finncoin.com\/fi\/wp-json\/wp\/v2\/product"}],"about":[{"href":"https:\/\/finncoin.com\/fi\/wp-json\/wp\/v2\/types\/product"}],"wp:featuredmedia":[{"embeddable":true,"href":"https:\/\/finncoin.com\/fi\/wp-json\/wp\/v2\/media\/2133"}],"wp:attachment":[{"href":"https:\/\/finncoin.com\/fi\/wp-json\/wp\/v2\/media?parent=2135"}],"wp:term":[{"taxonomy":"product_brand","embeddable":true,"href":"https:\/\/finncoin.com\/fi\/wp-json\/wp\/v2\/product_brand?post=2135"},{"taxonomy":"product_cat","embeddable":true,"href":"https:\/\/finncoin.com\/fi\/wp-json\/wp\/v2\/product_cat?post=2135"},{"taxonomy":"product_tag","embeddable":true,"href":"https:\/\/finncoin.com\/fi\/wp-json\/wp\/v2\/product_tag?post=2135"}],"curies":[{"name":"wp","href":"https:\/\/api.w.org\/{rel}","templated":true}]}}