{"id":21278,"date":"2022-12-18T17:06:11","date_gmt":"2022-12-18T15:06:43","guid":{"rendered":"https:\/\/finncoin.com\/?post_type=product&#038;p=21278"},"modified":"2022-12-18T17:06:44","modified_gmt":"2022-12-18T15:06:44","slug":"50-pennia-1963-lyoty-20-pennia-aihiolle-2","status":"publish","type":"product","link":"https:\/\/finncoin.com\/fi\/product\/50-pennia-1963-lyoty-20-pennia-aihiolle-2\/","title":{"rendered":"50 Penni\u00e4 1963, Ly\u00f6ty 20 Penni\u00e4 aihiolle"},"content":{"rendered":"","protected":false},"excerpt":{"rendered":"<div class=\"product-short-description\">\n<p>Kunto: 1+\/01<\/p>\n<\/div>\n","protected":false},"featured_media":69055,"template":"","meta":{"_acf_changed":false},"product_brand":[],"product_cat":[167],"product_tag":[],"class_list":{"0":"post-21278","1":"product","2":"type-product","3":"status-publish","4":"has-post-thumbnail","6":"product_cat-virhelyonteja","8":"first","9":"instock","10":"shipping-taxable","11":"purchasable","12":"product-type-simple"},"acf":[],"_links":{"self":[{"href":"https:\/\/finncoin.com\/fi\/wp-json\/wp\/v2\/product\/21278","targetHints":{"allow":["GET"]}}],"collection":[{"href":"https:\/\/finncoin.com\/fi\/wp-json\/wp\/v2\/product"}],"about":[{"href":"https:\/\/finncoin.com\/fi\/wp-json\/wp\/v2\/types\/product"}],"wp:featuredmedia":[{"embeddable":true,"href":"https:\/\/finncoin.com\/fi\/wp-json\/wp\/v2\/media\/69055"}],"wp:attachment":[{"href":"https:\/\/finncoin.com\/fi\/wp-json\/wp\/v2\/media?parent=21278"}],"wp:term":[{"taxonomy":"product_brand","embeddable":true,"href":"https:\/\/finncoin.com\/fi\/wp-json\/wp\/v2\/product_brand?post=21278"},{"taxonomy":"product_cat","embeddable":true,"href":"https:\/\/finncoin.com\/fi\/wp-json\/wp\/v2\/product_cat?post=21278"},{"taxonomy":"product_tag","embeddable":true,"href":"https:\/\/finncoin.com\/fi\/wp-json\/wp\/v2\/product_tag?post=21278"}],"curies":[{"name":"wp","href":"https:\/\/api.w.org\/{rel}","templated":true}]}}