{"id":17826,"date":"2022-11-04T13:13:10","date_gmt":"2022-11-04T11:13:10","guid":{"rendered":"https:\/\/finncoin.com\/?post_type=product&#038;p=17826"},"modified":"2026-02-24T14:50:45","modified_gmt":"2026-02-24T12:50:45","slug":"1000-markkaa-1986-litt-a-vesileima-vasemmalla-puolella-vaarinpain-vesileima-iv","status":"publish","type":"product","link":"https:\/\/finncoin.com\/fi\/product\/1000-markkaa-1986-litt-a-vesileima-vasemmalla-puolella-vaarinpain-vesileima-iv\/","title":{"rendered":"1000 Markkaa 1986 Litt A, Vesileima Vasemmalla Puolella V\u00e4\u00e4rinp\u00e4in, Vesileima IV"},"content":{"rendered":"","protected":false},"excerpt":{"rendered":"<p>SNY 201.3.2<\/p>\n<p>Tunnetaan 11 kappaletta<\/p>\n<p>Kunto: 1+<\/p>\n","protected":false},"featured_media":17832,"template":"","meta":{"_acf_changed":false},"product_brand":[],"product_cat":[285,177],"product_tag":[],"class_list":{"0":"post-17826","1":"product","2":"type-product","3":"status-publish","4":"has-post-thumbnail","6":"product_cat-1000-markkkaa","7":"product_cat-valmistusvirheellisia-seteleita","8":"product_shipping_class-kirjeposti","10":"first","11":"outofstock","12":"sold-individually","13":"shipping-taxable","14":"product-type-simple"},"acf":[],"_links":{"self":[{"href":"https:\/\/finncoin.com\/fi\/wp-json\/wp\/v2\/product\/17826","targetHints":{"allow":["GET"]}}],"collection":[{"href":"https:\/\/finncoin.com\/fi\/wp-json\/wp\/v2\/product"}],"about":[{"href":"https:\/\/finncoin.com\/fi\/wp-json\/wp\/v2\/types\/product"}],"wp:featuredmedia":[{"embeddable":true,"href":"https:\/\/finncoin.com\/fi\/wp-json\/wp\/v2\/media\/17832"}],"wp:attachment":[{"href":"https:\/\/finncoin.com\/fi\/wp-json\/wp\/v2\/media?parent=17826"}],"wp:term":[{"taxonomy":"product_brand","embeddable":true,"href":"https:\/\/finncoin.com\/fi\/wp-json\/wp\/v2\/product_brand?post=17826"},{"taxonomy":"product_cat","embeddable":true,"href":"https:\/\/finncoin.com\/fi\/wp-json\/wp\/v2\/product_cat?post=17826"},{"taxonomy":"product_tag","embeddable":true,"href":"https:\/\/finncoin.com\/fi\/wp-json\/wp\/v2\/product_tag?post=17826"}],"curies":[{"name":"wp","href":"https:\/\/api.w.org\/{rel}","templated":true}]}}