{"id":1773,"date":"2022-05-21T18:23:26","date_gmt":"2022-05-21T15:25:05","guid":{"rendered":"http:\/\/finncoin.com.wwwdev.csh.fi\/?post_type=product&#038;p=1773"},"modified":"2022-09-18T16:48:17","modified_gmt":"2022-09-18T13:48:17","slug":"norja-1907-2-kroner-kivaareilla","status":"publish","type":"product","link":"https:\/\/finncoin.com\/fi\/product\/norja-1907-2-kroner-kivaareilla\/","title":{"rendered":"Norja 1907 2 Kroner kiv\u00e4\u00e4reill\u00e4"},"content":{"rendered":"","protected":false},"excerpt":{"rendered":"<p>hopeaa<\/p>\n<p>15g<\/p>\n<p>31mm<\/p>\n<p>KM# 366<\/p>\n<p>kunto: 1+<\/p>\n","protected":false},"featured_media":1771,"template":"","meta":{"_acf_changed":false},"product_brand":[],"product_cat":[328,326],"product_tag":[],"class_list":{"0":"post-1773","1":"product","2":"type-product","3":"status-publish","4":"has-post-thumbnail","6":"product_cat-norja","7":"product_cat-norway","8":"product_shipping_class-kirjeposti","9":"product_shipping_class-letter-post","11":"first","12":"outofstock","13":"sold-individually","14":"shipping-taxable","15":"purchasable","16":"product-type-simple"},"acf":[],"_links":{"self":[{"href":"https:\/\/finncoin.com\/fi\/wp-json\/wp\/v2\/product\/1773","targetHints":{"allow":["GET"]}}],"collection":[{"href":"https:\/\/finncoin.com\/fi\/wp-json\/wp\/v2\/product"}],"about":[{"href":"https:\/\/finncoin.com\/fi\/wp-json\/wp\/v2\/types\/product"}],"wp:featuredmedia":[{"embeddable":true,"href":"https:\/\/finncoin.com\/fi\/wp-json\/wp\/v2\/media\/1771"}],"wp:attachment":[{"href":"https:\/\/finncoin.com\/fi\/wp-json\/wp\/v2\/media?parent=1773"}],"wp:term":[{"taxonomy":"product_brand","embeddable":true,"href":"https:\/\/finncoin.com\/fi\/wp-json\/wp\/v2\/product_brand?post=1773"},{"taxonomy":"product_cat","embeddable":true,"href":"https:\/\/finncoin.com\/fi\/wp-json\/wp\/v2\/product_cat?post=1773"},{"taxonomy":"product_tag","embeddable":true,"href":"https:\/\/finncoin.com\/fi\/wp-json\/wp\/v2\/product_tag?post=1773"}],"curies":[{"name":"wp","href":"https:\/\/api.w.org\/{rel}","templated":true}]}}