{"id":16754,"date":"2022-10-20T16:24:45","date_gmt":"2022-10-20T13:24:45","guid":{"rendered":"https:\/\/finncoin.com\/?post_type=product&#038;p=16754"},"modified":"2022-10-20T16:24:47","modified_gmt":"2022-10-20T13:24:47","slug":"helsingin-1952-olympialaisissa-kaytossa-ollut-opasmerkki","status":"publish","type":"product","link":"https:\/\/finncoin.com\/fi\/product\/helsingin-1952-olympialaisissa-kaytossa-ollut-opasmerkki\/","title":{"rendered":"Helsingin 1952 olympialaisissa k\u00e4yt\u00f6ss\u00e4 ollut opasmerkki"},"content":{"rendered":"","protected":false},"excerpt":{"rendered":"<p>Kangasta<\/p>\n<p>66 x 67mm<\/p>\n<p>Kunto: Hyv\u00e4<\/p>\n","protected":false},"featured_media":16760,"template":"","meta":{"_acf_changed":false},"product_brand":[],"product_cat":[91],"product_tag":[],"class_list":{"0":"post-16754","1":"product","2":"type-product","3":"status-publish","4":"has-post-thumbnail","6":"product_cat-olympia","7":"product_shipping_class-kirjeposti","9":"first","10":"instock","11":"sold-individually","12":"shipping-taxable","13":"purchasable","14":"product-type-simple"},"acf":[],"_links":{"self":[{"href":"https:\/\/finncoin.com\/fi\/wp-json\/wp\/v2\/product\/16754","targetHints":{"allow":["GET"]}}],"collection":[{"href":"https:\/\/finncoin.com\/fi\/wp-json\/wp\/v2\/product"}],"about":[{"href":"https:\/\/finncoin.com\/fi\/wp-json\/wp\/v2\/types\/product"}],"wp:featuredmedia":[{"embeddable":true,"href":"https:\/\/finncoin.com\/fi\/wp-json\/wp\/v2\/media\/16760"}],"wp:attachment":[{"href":"https:\/\/finncoin.com\/fi\/wp-json\/wp\/v2\/media?parent=16754"}],"wp:term":[{"taxonomy":"product_brand","embeddable":true,"href":"https:\/\/finncoin.com\/fi\/wp-json\/wp\/v2\/product_brand?post=16754"},{"taxonomy":"product_cat","embeddable":true,"href":"https:\/\/finncoin.com\/fi\/wp-json\/wp\/v2\/product_cat?post=16754"},{"taxonomy":"product_tag","embeddable":true,"href":"https:\/\/finncoin.com\/fi\/wp-json\/wp\/v2\/product_tag?post=16754"}],"curies":[{"name":"wp","href":"https:\/\/api.w.org\/{rel}","templated":true}]}}