{"id":15554,"date":"2022-09-30T12:49:44","date_gmt":"2022-09-30T09:52:03","guid":{"rendered":"https:\/\/finncoin.com\/?post_type=product&#038;p=15554"},"modified":"2022-09-30T12:52:03","modified_gmt":"2022-09-30T09:52:03","slug":"kiina-1980-lake-placid-olympialaiset-1-yuan-4kpl-rahasarja","status":"publish","type":"product","link":"https:\/\/finncoin.com\/fi\/product\/kiina-1980-lake-placid-olympialaiset-1-yuan-4kpl-rahasarja\/","title":{"rendered":"Kiina 1980 Lake Placid Olympialaiset 1 Yuan 4kpl Rahasarja"},"content":{"rendered":"","protected":false},"excerpt":{"rendered":"<p>Messinki<\/p>\n<p>33mm<\/p>\n<p>Kunto: kotelo hyv\u00e4ss\u00e4 kunnossa, kolikoissa on s\u00e4vytyst\u00e4<\/p>\n","protected":false},"featured_media":15552,"template":"","meta":{"_acf_changed":false},"product_brand":[],"product_cat":[448],"product_tag":[],"class_list":{"0":"post-15554","1":"product","2":"type-product","3":"status-publish","4":"has-post-thumbnail","6":"product_cat-kiina","8":"first","9":"instock","10":"shipping-taxable","11":"purchasable","12":"product-type-simple"},"acf":[],"_links":{"self":[{"href":"https:\/\/finncoin.com\/fi\/wp-json\/wp\/v2\/product\/15554","targetHints":{"allow":["GET"]}}],"collection":[{"href":"https:\/\/finncoin.com\/fi\/wp-json\/wp\/v2\/product"}],"about":[{"href":"https:\/\/finncoin.com\/fi\/wp-json\/wp\/v2\/types\/product"}],"wp:featuredmedia":[{"embeddable":true,"href":"https:\/\/finncoin.com\/fi\/wp-json\/wp\/v2\/media\/15552"}],"wp:attachment":[{"href":"https:\/\/finncoin.com\/fi\/wp-json\/wp\/v2\/media?parent=15554"}],"wp:term":[{"taxonomy":"product_brand","embeddable":true,"href":"https:\/\/finncoin.com\/fi\/wp-json\/wp\/v2\/product_brand?post=15554"},{"taxonomy":"product_cat","embeddable":true,"href":"https:\/\/finncoin.com\/fi\/wp-json\/wp\/v2\/product_cat?post=15554"},{"taxonomy":"product_tag","embeddable":true,"href":"https:\/\/finncoin.com\/fi\/wp-json\/wp\/v2\/product_tag?post=15554"}],"curies":[{"name":"wp","href":"https:\/\/api.w.org\/{rel}","templated":true}]}}