{"id":143005,"date":"2026-05-14T06:13:38","date_gmt":"2026-05-14T03:13:38","guid":{"rendered":"https:\/\/finncoin.com\/?post_type=product&#038;p=143005"},"modified":"2026-05-13T13:23:13","modified_gmt":"2026-05-13T10:23:13","slug":"tykki-pienoismall-vasakanon-1626","status":"publish","type":"product","link":"https:\/\/finncoin.com\/fi\/product\/tykki-pienoismall-vasakanon-1626\/","title":{"rendered":"Tykki, pienoismall, Vaasa-tykki 1626"},"content":{"rendered":"","protected":false},"excerpt":{"rendered":"<p>1900-luku<\/p>\n<p>pronssia, puu<\/p>\n<p>30 x 14cm<\/p>\n<p>1800g<\/p>\n<p>Kunto: tyydytt\u00e4v\u00e4, yksi liitostappi puuttuu pronssisesta kiinnityksest\u00e4<\/p>\n","protected":false},"featured_media":143003,"template":"","meta":{"_acf_changed":false},"product_brand":[],"product_cat":[90],"product_tag":[],"class_list":{"0":"post-143005","1":"product","2":"type-product","3":"status-publish","4":"has-post-thumbnail","6":"product_cat-militaria","7":"product_shipping_class-pakettiposti","9":"first","10":"instock","11":"shipping-taxable","12":"purchasable","13":"product-type-simple"},"acf":[],"_links":{"self":[{"href":"https:\/\/finncoin.com\/fi\/wp-json\/wp\/v2\/product\/143005","targetHints":{"allow":["GET"]}}],"collection":[{"href":"https:\/\/finncoin.com\/fi\/wp-json\/wp\/v2\/product"}],"about":[{"href":"https:\/\/finncoin.com\/fi\/wp-json\/wp\/v2\/types\/product"}],"wp:featuredmedia":[{"embeddable":true,"href":"https:\/\/finncoin.com\/fi\/wp-json\/wp\/v2\/media\/143003"}],"wp:attachment":[{"href":"https:\/\/finncoin.com\/fi\/wp-json\/wp\/v2\/media?parent=143005"}],"wp:term":[{"taxonomy":"product_brand","embeddable":true,"href":"https:\/\/finncoin.com\/fi\/wp-json\/wp\/v2\/product_brand?post=143005"},{"taxonomy":"product_cat","embeddable":true,"href":"https:\/\/finncoin.com\/fi\/wp-json\/wp\/v2\/product_cat?post=143005"},{"taxonomy":"product_tag","embeddable":true,"href":"https:\/\/finncoin.com\/fi\/wp-json\/wp\/v2\/product_tag?post=143005"}],"curies":[{"name":"wp","href":"https:\/\/api.w.org\/{rel}","templated":true}]}}