{"id":142921,"date":"2026-05-14T06:09:26","date_gmt":"2026-05-14T03:09:26","guid":{"rendered":"https:\/\/finncoin.com\/?post_type=product&#038;p=142921"},"modified":"2026-05-13T12:09:30","modified_gmt":"2026-05-13T09:09:30","slug":"ilmavoimien-kalvosinnapit","status":"publish","type":"product","link":"https:\/\/finncoin.com\/fi\/product\/ilmavoimien-kalvosinnapit\/","title":{"rendered":"ilmavoimien kalvosinnapit"},"content":{"rendered":"","protected":false},"excerpt":{"rendered":"<p>Eiv\u00e4t ole samanlaisia, on mahdollista, ett\u00e4 yksi alkuper\u00e4isist\u00e4 on kadonnut ja toinen on korvattu sen tilalla.<\/p>\n<p>20 x 20mm<\/p>\n<p>hopeaa 0,813<\/p>\n<p>Kunto: Hyv\u00e4, pieni naarmuja<\/p>\n","protected":false},"featured_media":142919,"template":"","meta":{"_acf_changed":false},"product_brand":[],"product_cat":[672],"product_tag":[],"class_list":{"0":"post-142921","1":"product","2":"type-product","3":"status-publish","4":"has-post-thumbnail","6":"product_cat-ilmavoimat","8":"first","9":"instock","10":"shipping-taxable","11":"purchasable","12":"product-type-simple"},"acf":[],"_links":{"self":[{"href":"https:\/\/finncoin.com\/fi\/wp-json\/wp\/v2\/product\/142921","targetHints":{"allow":["GET"]}}],"collection":[{"href":"https:\/\/finncoin.com\/fi\/wp-json\/wp\/v2\/product"}],"about":[{"href":"https:\/\/finncoin.com\/fi\/wp-json\/wp\/v2\/types\/product"}],"wp:featuredmedia":[{"embeddable":true,"href":"https:\/\/finncoin.com\/fi\/wp-json\/wp\/v2\/media\/142919"}],"wp:attachment":[{"href":"https:\/\/finncoin.com\/fi\/wp-json\/wp\/v2\/media?parent=142921"}],"wp:term":[{"taxonomy":"product_brand","embeddable":true,"href":"https:\/\/finncoin.com\/fi\/wp-json\/wp\/v2\/product_brand?post=142921"},{"taxonomy":"product_cat","embeddable":true,"href":"https:\/\/finncoin.com\/fi\/wp-json\/wp\/v2\/product_cat?post=142921"},{"taxonomy":"product_tag","embeddable":true,"href":"https:\/\/finncoin.com\/fi\/wp-json\/wp\/v2\/product_tag?post=142921"}],"curies":[{"name":"wp","href":"https:\/\/api.w.org\/{rel}","templated":true}]}}