{"id":142901,"date":"2026-05-14T06:08:53","date_gmt":"2026-05-14T03:08:53","guid":{"rendered":"https:\/\/finncoin.com\/?post_type=product&#038;p=142901"},"modified":"2026-05-13T19:12:19","modified_gmt":"2026-05-13T16:12:19","slug":"ranskalainen-ratsuvaen-miekka-m-1822","status":"publish","type":"product","link":"https:\/\/finncoin.com\/fi\/product\/ranskalainen-ratsuvaen-miekka-m-1822\/","title":{"rendered":"Ranskalainen ratsuv\u00e4en miekka m\/1822"},"content":{"rendered":"","protected":false},"excerpt":{"rendered":"<p>100 x 12,5cm<\/p>\n<p>ter\u00e4: 79,5cm<\/p>\n<p>Kunto: Tyydytt\u00e4v\u00e4, tuppi puhdistettu, ter\u00e4 sy\u00f6pynyt-halkeilee<\/p>\n","protected":false},"featured_media":142899,"template":"","meta":{"_acf_changed":false},"product_brand":[],"product_cat":[90],"product_tag":[],"class_list":{"0":"post-142901","1":"product","2":"type-product","3":"status-publish","4":"has-post-thumbnail","6":"product_cat-militaria","7":"product_shipping_class-pakettiposti","9":"first","10":"instock","11":"shipping-taxable","12":"purchasable","13":"product-type-simple"},"acf":[],"_links":{"self":[{"href":"https:\/\/finncoin.com\/fi\/wp-json\/wp\/v2\/product\/142901","targetHints":{"allow":["GET"]}}],"collection":[{"href":"https:\/\/finncoin.com\/fi\/wp-json\/wp\/v2\/product"}],"about":[{"href":"https:\/\/finncoin.com\/fi\/wp-json\/wp\/v2\/types\/product"}],"wp:featuredmedia":[{"embeddable":true,"href":"https:\/\/finncoin.com\/fi\/wp-json\/wp\/v2\/media\/142899"}],"wp:attachment":[{"href":"https:\/\/finncoin.com\/fi\/wp-json\/wp\/v2\/media?parent=142901"}],"wp:term":[{"taxonomy":"product_brand","embeddable":true,"href":"https:\/\/finncoin.com\/fi\/wp-json\/wp\/v2\/product_brand?post=142901"},{"taxonomy":"product_cat","embeddable":true,"href":"https:\/\/finncoin.com\/fi\/wp-json\/wp\/v2\/product_cat?post=142901"},{"taxonomy":"product_tag","embeddable":true,"href":"https:\/\/finncoin.com\/fi\/wp-json\/wp\/v2\/product_tag?post=142901"}],"curies":[{"name":"wp","href":"https:\/\/api.w.org\/{rel}","templated":true}]}}