{"id":142869,"date":"2026-05-14T06:07:57","date_gmt":"2026-05-14T03:07:57","guid":{"rendered":"https:\/\/finncoin.com\/?post_type=product&#038;p=142869"},"modified":"2026-05-13T19:10:55","modified_gmt":"2026-05-13T16:10:55","slug":"ranskalainen-ratsuvaen-miekka-napoleonin-aika","status":"publish","type":"product","link":"https:\/\/finncoin.com\/fi\/product\/ranskalainen-ratsuvaen-miekka-napoleonin-aika\/","title":{"rendered":"Ranskalainen ratsuv\u00e4en miekka, Napoleonin aika"},"content":{"rendered":"","protected":false},"excerpt":{"rendered":"<p>103,5 x 17cm<\/p>\n<p>ter\u00e4: 82cm<\/p>\n<p>Kunto: Tyydytt\u00e4v\u00e4, tuppi ruostunut, ter\u00e4 sy\u00f6pynyt, kahva rikki<\/p>\n","protected":false},"featured_media":142867,"template":"","meta":{"_acf_changed":false},"product_brand":[],"product_cat":[90],"product_tag":[],"class_list":{"0":"post-142869","1":"product","2":"type-product","3":"status-publish","4":"has-post-thumbnail","6":"product_cat-militaria","7":"product_shipping_class-pakettiposti","9":"first","10":"instock","11":"shipping-taxable","12":"purchasable","13":"product-type-simple"},"acf":[],"_links":{"self":[{"href":"https:\/\/finncoin.com\/fi\/wp-json\/wp\/v2\/product\/142869","targetHints":{"allow":["GET"]}}],"collection":[{"href":"https:\/\/finncoin.com\/fi\/wp-json\/wp\/v2\/product"}],"about":[{"href":"https:\/\/finncoin.com\/fi\/wp-json\/wp\/v2\/types\/product"}],"wp:featuredmedia":[{"embeddable":true,"href":"https:\/\/finncoin.com\/fi\/wp-json\/wp\/v2\/media\/142867"}],"wp:attachment":[{"href":"https:\/\/finncoin.com\/fi\/wp-json\/wp\/v2\/media?parent=142869"}],"wp:term":[{"taxonomy":"product_brand","embeddable":true,"href":"https:\/\/finncoin.com\/fi\/wp-json\/wp\/v2\/product_brand?post=142869"},{"taxonomy":"product_cat","embeddable":true,"href":"https:\/\/finncoin.com\/fi\/wp-json\/wp\/v2\/product_cat?post=142869"},{"taxonomy":"product_tag","embeddable":true,"href":"https:\/\/finncoin.com\/fi\/wp-json\/wp\/v2\/product_tag?post=142869"}],"curies":[{"name":"wp","href":"https:\/\/api.w.org\/{rel}","templated":true}]}}