{"id":142207,"date":"2026-05-08T06:35:12","date_gmt":"2026-05-08T03:35:12","guid":{"rendered":"https:\/\/finncoin.com\/?post_type=product&#038;p=142207"},"modified":"2026-05-07T07:49:38","modified_gmt":"2026-05-07T04:49:38","slug":"wehrmacht-lahitaistelusolki-hopeinen-luokka-funke-bruninghaus","status":"publish","type":"product","link":"https:\/\/finncoin.com\/fi\/product\/wehrmacht-lahitaistelusolki-hopeinen-luokka-funke-bruninghaus\/","title":{"rendered":"Wehrmacht, l\u00e4hitaistelusolki, hopeinen luokka, Funke &#038; Br\u00fcninghaus"},"content":{"rendered":"","protected":false},"excerpt":{"rendered":"<p>luovutuskirjalla<\/p>\n<p>hopeoitu sinkki, magneettinen neula<\/p>\n<p>97,52 x 26,74mm<\/p>\n<p>33,08g<\/p>\n<p>Valmistaja: &#8221;F. &amp; B. L.\u201d Funcke &amp; Br\u00fcninghaus, L\u00fcdenscheid<\/p>\n<p>Kunto: Tyydytt\u00e4v\u00e4, sy\u00f6pynyt<\/p>\n","protected":false},"featured_media":142205,"template":"","meta":{"_acf_changed":false},"product_brand":[],"product_cat":[110],"product_tag":[],"class_list":{"0":"post-142207","1":"product","2":"type-product","3":"status-publish","4":"has-post-thumbnail","6":"product_cat-ulkomaalaiset-kunniamerkit-eurooppa","8":"first","9":"instock","10":"shipping-taxable","11":"purchasable","12":"product-type-simple"},"acf":[],"_links":{"self":[{"href":"https:\/\/finncoin.com\/fi\/wp-json\/wp\/v2\/product\/142207","targetHints":{"allow":["GET"]}}],"collection":[{"href":"https:\/\/finncoin.com\/fi\/wp-json\/wp\/v2\/product"}],"about":[{"href":"https:\/\/finncoin.com\/fi\/wp-json\/wp\/v2\/types\/product"}],"wp:featuredmedia":[{"embeddable":true,"href":"https:\/\/finncoin.com\/fi\/wp-json\/wp\/v2\/media\/142205"}],"wp:attachment":[{"href":"https:\/\/finncoin.com\/fi\/wp-json\/wp\/v2\/media?parent=142207"}],"wp:term":[{"taxonomy":"product_brand","embeddable":true,"href":"https:\/\/finncoin.com\/fi\/wp-json\/wp\/v2\/product_brand?post=142207"},{"taxonomy":"product_cat","embeddable":true,"href":"https:\/\/finncoin.com\/fi\/wp-json\/wp\/v2\/product_cat?post=142207"},{"taxonomy":"product_tag","embeddable":true,"href":"https:\/\/finncoin.com\/fi\/wp-json\/wp\/v2\/product_tag?post=142207"}],"curies":[{"name":"wp","href":"https:\/\/api.w.org\/{rel}","templated":true}]}}