{"id":142165,"date":"2026-05-08T06:33:24","date_gmt":"2026-05-08T03:33:24","guid":{"rendered":"https:\/\/finncoin.com\/?post_type=product&#038;p=142165"},"modified":"2026-05-06T14:37:33","modified_gmt":"2026-05-06T11:37:33","slug":"luftwaffe-konekivaariampujalle-ja-tahystajalle-merkki","status":"publish","type":"product","link":"https:\/\/finncoin.com\/fi\/product\/luftwaffe-konekivaariampujalle-ja-tahystajalle-merkki\/","title":{"rendered":"Luftwaffe, konekiv\u00e4\u00e4riampujalle ja t\u00e4hyst\u00e4j\u00e4lle merkki"},"content":{"rendered":"","protected":false},"excerpt":{"rendered":"<p>hopeoitu sinkki<\/p>\n<p>53,84 x 40,82 (siivet 42,37mm)<\/p>\n<p>27,08g<\/p>\n<p>valmistaja: Wilhelm Deumer<\/p>\n<p>Kunto: Hyv\u00e4<\/p>\n","protected":false},"featured_media":142163,"template":"","meta":{"_acf_changed":false},"product_brand":[],"product_cat":[110],"product_tag":[],"class_list":{"0":"post-142165","1":"product","2":"type-product","3":"status-publish","4":"has-post-thumbnail","6":"product_cat-ulkomaalaiset-kunniamerkit-eurooppa","8":"first","9":"instock","10":"shipping-taxable","11":"purchasable","12":"product-type-simple"},"acf":[],"_links":{"self":[{"href":"https:\/\/finncoin.com\/fi\/wp-json\/wp\/v2\/product\/142165","targetHints":{"allow":["GET"]}}],"collection":[{"href":"https:\/\/finncoin.com\/fi\/wp-json\/wp\/v2\/product"}],"about":[{"href":"https:\/\/finncoin.com\/fi\/wp-json\/wp\/v2\/types\/product"}],"wp:featuredmedia":[{"embeddable":true,"href":"https:\/\/finncoin.com\/fi\/wp-json\/wp\/v2\/media\/142163"}],"wp:attachment":[{"href":"https:\/\/finncoin.com\/fi\/wp-json\/wp\/v2\/media?parent=142165"}],"wp:term":[{"taxonomy":"product_brand","embeddable":true,"href":"https:\/\/finncoin.com\/fi\/wp-json\/wp\/v2\/product_brand?post=142165"},{"taxonomy":"product_cat","embeddable":true,"href":"https:\/\/finncoin.com\/fi\/wp-json\/wp\/v2\/product_cat?post=142165"},{"taxonomy":"product_tag","embeddable":true,"href":"https:\/\/finncoin.com\/fi\/wp-json\/wp\/v2\/product_tag?post=142165"}],"curies":[{"name":"wp","href":"https:\/\/api.w.org\/{rel}","templated":true}]}}