{"id":142135,"date":"2026-05-08T06:32:06","date_gmt":"2026-05-08T03:32:06","guid":{"rendered":"https:\/\/finncoin.com\/?post_type=product&#038;p=142135"},"modified":"2026-05-06T14:25:25","modified_gmt":"2026-05-06T11:25:25","slug":"luftwaffe-lahi-paivahavittajan-merkki-hopeinen-luokka","status":"publish","type":"product","link":"https:\/\/finncoin.com\/fi\/product\/luftwaffe-lahi-paivahavittajan-merkki-hopeinen-luokka\/","title":{"rendered":"Luftwaffe, l\u00e4hi- p\u00e4iv\u00e4h\u00e4vitt\u00e4j\u00e4n merkki, hopeinen luokka"},"content":{"rendered":"","protected":false},"excerpt":{"rendered":"<p>hopeoitu tompakki<\/p>\n<p>76,63 x 25,87mm<\/p>\n<p>22,15g<\/p>\n<p>Kunto: Hyv\u00e4<\/p>\n","protected":false},"featured_media":142133,"template":"","meta":{"_acf_changed":false},"product_brand":[],"product_cat":[110],"product_tag":[],"class_list":{"0":"post-142135","1":"product","2":"type-product","3":"status-publish","4":"has-post-thumbnail","6":"product_cat-ulkomaalaiset-kunniamerkit-eurooppa","8":"first","9":"instock","10":"shipping-taxable","11":"purchasable","12":"product-type-simple"},"acf":[],"_links":{"self":[{"href":"https:\/\/finncoin.com\/fi\/wp-json\/wp\/v2\/product\/142135","targetHints":{"allow":["GET"]}}],"collection":[{"href":"https:\/\/finncoin.com\/fi\/wp-json\/wp\/v2\/product"}],"about":[{"href":"https:\/\/finncoin.com\/fi\/wp-json\/wp\/v2\/types\/product"}],"wp:featuredmedia":[{"embeddable":true,"href":"https:\/\/finncoin.com\/fi\/wp-json\/wp\/v2\/media\/142133"}],"wp:attachment":[{"href":"https:\/\/finncoin.com\/fi\/wp-json\/wp\/v2\/media?parent=142135"}],"wp:term":[{"taxonomy":"product_brand","embeddable":true,"href":"https:\/\/finncoin.com\/fi\/wp-json\/wp\/v2\/product_brand?post=142135"},{"taxonomy":"product_cat","embeddable":true,"href":"https:\/\/finncoin.com\/fi\/wp-json\/wp\/v2\/product_cat?post=142135"},{"taxonomy":"product_tag","embeddable":true,"href":"https:\/\/finncoin.com\/fi\/wp-json\/wp\/v2\/product_tag?post=142135"}],"curies":[{"name":"wp","href":"https:\/\/api.w.org\/{rel}","templated":true}]}}