{"id":142017,"date":"2026-05-05T11:56:38","date_gmt":"2026-05-05T08:56:38","guid":{"rendered":"https:\/\/finncoin.com\/?post_type=product&#038;p=142017"},"modified":"2026-05-05T11:56:39","modified_gmt":"2026-05-05T08:56:39","slug":"neuvostoliitto-era-merkkeja","status":"publish","type":"product","link":"https:\/\/finncoin.com\/fi\/product\/neuvostoliitto-era-merkkeja\/","title":{"rendered":"Neuvostoliitto, er\u00e4 merkkej\u00e4"},"content":{"rendered":"","protected":false},"excerpt":{"rendered":"<p>Kunto: tyydytt\u00e4v\u00e4, emalivikoja<\/p>\n","protected":false},"featured_media":142023,"template":"","meta":{"_acf_changed":false},"product_brand":[],"product_cat":[97],"product_tag":[],"class_list":{"0":"post-142017","1":"product","2":"type-product","3":"status-publish","4":"has-post-thumbnail","6":"product_cat-venalaiset-mitalit-1922-1991","7":"product_shipping_class-kirjeposti","9":"first","10":"outofstock","11":"shipping-taxable","12":"purchasable","13":"product-type-simple"},"acf":[],"_links":{"self":[{"href":"https:\/\/finncoin.com\/fi\/wp-json\/wp\/v2\/product\/142017","targetHints":{"allow":["GET"]}}],"collection":[{"href":"https:\/\/finncoin.com\/fi\/wp-json\/wp\/v2\/product"}],"about":[{"href":"https:\/\/finncoin.com\/fi\/wp-json\/wp\/v2\/types\/product"}],"wp:featuredmedia":[{"embeddable":true,"href":"https:\/\/finncoin.com\/fi\/wp-json\/wp\/v2\/media\/142023"}],"wp:attachment":[{"href":"https:\/\/finncoin.com\/fi\/wp-json\/wp\/v2\/media?parent=142017"}],"wp:term":[{"taxonomy":"product_brand","embeddable":true,"href":"https:\/\/finncoin.com\/fi\/wp-json\/wp\/v2\/product_brand?post=142017"},{"taxonomy":"product_cat","embeddable":true,"href":"https:\/\/finncoin.com\/fi\/wp-json\/wp\/v2\/product_cat?post=142017"},{"taxonomy":"product_tag","embeddable":true,"href":"https:\/\/finncoin.com\/fi\/wp-json\/wp\/v2\/product_tag?post=142017"}],"curies":[{"name":"wp","href":"https:\/\/api.w.org\/{rel}","templated":true}]}}