{"id":14142,"date":"2022-09-15T08:24:44","date_gmt":"2022-09-15T05:27:02","guid":{"rendered":"https:\/\/finncoin.com\/?post_type=product&#038;p=14142"},"modified":"2022-09-15T08:27:02","modified_gmt":"2022-09-15T05:27:02","slug":"venaja-buhara-50-ruplaa-1920-ilman-tekstia","status":"publish","type":"product","link":"https:\/\/finncoin.com\/fi\/product\/venaja-buhara-50-ruplaa-1920-ilman-tekstia\/","title":{"rendered":"Ven\u00e4j\u00e4, Buhara 50 Ruplaa 1920, ilman teksti\u00e4"},"content":{"rendered":"","protected":false},"excerpt":{"rendered":"<p>P# S1035<\/p>\n<p>Kunto: 1<\/p>\n","protected":false},"featured_media":14140,"template":"","meta":{"_acf_changed":false},"product_brand":[],"product_cat":[227],"product_tag":[],"class_list":{"0":"post-14142","1":"product","2":"type-product","3":"status-publish","4":"has-post-thumbnail","6":"product_cat-keisarillisen-venaja","8":"first","9":"instock","10":"sold-individually","11":"shipping-taxable","12":"purchasable","13":"product-type-simple"},"acf":[],"_links":{"self":[{"href":"https:\/\/finncoin.com\/fi\/wp-json\/wp\/v2\/product\/14142","targetHints":{"allow":["GET"]}}],"collection":[{"href":"https:\/\/finncoin.com\/fi\/wp-json\/wp\/v2\/product"}],"about":[{"href":"https:\/\/finncoin.com\/fi\/wp-json\/wp\/v2\/types\/product"}],"wp:featuredmedia":[{"embeddable":true,"href":"https:\/\/finncoin.com\/fi\/wp-json\/wp\/v2\/media\/14140"}],"wp:attachment":[{"href":"https:\/\/finncoin.com\/fi\/wp-json\/wp\/v2\/media?parent=14142"}],"wp:term":[{"taxonomy":"product_brand","embeddable":true,"href":"https:\/\/finncoin.com\/fi\/wp-json\/wp\/v2\/product_brand?post=14142"},{"taxonomy":"product_cat","embeddable":true,"href":"https:\/\/finncoin.com\/fi\/wp-json\/wp\/v2\/product_cat?post=14142"},{"taxonomy":"product_tag","embeddable":true,"href":"https:\/\/finncoin.com\/fi\/wp-json\/wp\/v2\/product_tag?post=14142"}],"curies":[{"name":"wp","href":"https:\/\/api.w.org\/{rel}","templated":true}]}}