{"id":140993,"date":"2026-04-24T07:04:29","date_gmt":"2026-04-24T04:04:29","guid":{"rendered":"https:\/\/finncoin.com\/?post_type=product&#038;p=140993"},"modified":"2026-04-23T15:15:04","modified_gmt":"2026-04-23T12:15:04","slug":"10-markkaa-1986-vesileima-vasemmalla-puolella-vaarinpain-vesileima-iv-pmg-65-2","status":"publish","type":"product","link":"https:\/\/finncoin.com\/fi\/product\/10-markkaa-1986-vesileima-vasemmalla-puolella-vaarinpain-vesileima-iv-pmg-65-2\/","title":{"rendered":"10 Markkaa 1986, Vesileima Vasemmalla Puolella V\u00e4\u00e4rinp\u00e4in, Vesileima IV, PMG 65"},"content":{"rendered":"","protected":false},"excerpt":{"rendered":"<p>SNY 148.2<\/p>\n<p>Tunnetaan 28 kappaletta<\/p>\n<p>Kunto: PMG 65 \/ kl 0<\/p>\n","protected":false},"featured_media":141007,"template":"","meta":{"_acf_changed":false},"product_brand":[],"product_cat":[796,177],"product_tag":[],"class_list":{"0":"post-140993","1":"product","2":"type-product","3":"status-publish","4":"has-post-thumbnail","6":"product_cat-1986-fi","7":"product_cat-valmistusvirheellisia-seteleita","8":"product_shipping_class-kirjeposti","10":"first","11":"instock","12":"shipping-taxable","13":"purchasable","14":"product-type-simple"},"acf":[],"_links":{"self":[{"href":"https:\/\/finncoin.com\/fi\/wp-json\/wp\/v2\/product\/140993","targetHints":{"allow":["GET"]}}],"collection":[{"href":"https:\/\/finncoin.com\/fi\/wp-json\/wp\/v2\/product"}],"about":[{"href":"https:\/\/finncoin.com\/fi\/wp-json\/wp\/v2\/types\/product"}],"wp:featuredmedia":[{"embeddable":true,"href":"https:\/\/finncoin.com\/fi\/wp-json\/wp\/v2\/media\/141007"}],"wp:attachment":[{"href":"https:\/\/finncoin.com\/fi\/wp-json\/wp\/v2\/media?parent=140993"}],"wp:term":[{"taxonomy":"product_brand","embeddable":true,"href":"https:\/\/finncoin.com\/fi\/wp-json\/wp\/v2\/product_brand?post=140993"},{"taxonomy":"product_cat","embeddable":true,"href":"https:\/\/finncoin.com\/fi\/wp-json\/wp\/v2\/product_cat?post=140993"},{"taxonomy":"product_tag","embeddable":true,"href":"https:\/\/finncoin.com\/fi\/wp-json\/wp\/v2\/product_tag?post=140993"}],"curies":[{"name":"wp","href":"https:\/\/api.w.org\/{rel}","templated":true}]}}