{"id":140987,"date":"2026-04-24T07:04:55","date_gmt":"2026-04-24T04:04:55","guid":{"rendered":"https:\/\/finncoin.com\/?post_type=product&#038;p=140987"},"modified":"2026-04-23T15:07:38","modified_gmt":"2026-04-23T12:07:38","slug":"10-markkaa-1986-vesileima-vasemmalla-puolella-vaarinpain-vesileima-iv-pmg-65","status":"publish","type":"product","link":"https:\/\/finncoin.com\/fi\/product\/10-markkaa-1986-vesileima-vasemmalla-puolella-vaarinpain-vesileima-iv-pmg-65\/","title":{"rendered":"10 Markkaa 1986, Vesileima Vasemmalla Puolella V\u00e4\u00e4rinp\u00e4in, Vesileima IV, PMG 65"},"content":{"rendered":"","protected":false},"excerpt":{"rendered":"<p>SNY 148.2<\/p>\n<p>Tunnetaan 28 kappaletta<\/p>\n<p>Kunto: PMG 65 \/ kl 0<\/p>\n","protected":false},"featured_media":140985,"template":"","meta":{"_acf_changed":false},"product_brand":[],"product_cat":[796],"product_tag":[],"class_list":{"0":"post-140987","1":"product","2":"type-product","3":"status-publish","4":"has-post-thumbnail","6":"product_cat-1986-fi","8":"first","9":"instock","10":"shipping-taxable","11":"purchasable","12":"product-type-simple"},"acf":[],"_links":{"self":[{"href":"https:\/\/finncoin.com\/fi\/wp-json\/wp\/v2\/product\/140987","targetHints":{"allow":["GET"]}}],"collection":[{"href":"https:\/\/finncoin.com\/fi\/wp-json\/wp\/v2\/product"}],"about":[{"href":"https:\/\/finncoin.com\/fi\/wp-json\/wp\/v2\/types\/product"}],"wp:featuredmedia":[{"embeddable":true,"href":"https:\/\/finncoin.com\/fi\/wp-json\/wp\/v2\/media\/140985"}],"wp:attachment":[{"href":"https:\/\/finncoin.com\/fi\/wp-json\/wp\/v2\/media?parent=140987"}],"wp:term":[{"taxonomy":"product_brand","embeddable":true,"href":"https:\/\/finncoin.com\/fi\/wp-json\/wp\/v2\/product_brand?post=140987"},{"taxonomy":"product_cat","embeddable":true,"href":"https:\/\/finncoin.com\/fi\/wp-json\/wp\/v2\/product_cat?post=140987"},{"taxonomy":"product_tag","embeddable":true,"href":"https:\/\/finncoin.com\/fi\/wp-json\/wp\/v2\/product_tag?post=140987"}],"curies":[{"name":"wp","href":"https:\/\/api.w.org\/{rel}","templated":true}]}}