{"id":140051,"date":"2026-04-20T09:31:57","date_gmt":"2026-04-20T06:31:57","guid":{"rendered":"https:\/\/finncoin.com\/?post_type=product&#038;p=140051"},"modified":"2026-04-20T09:31:58","modified_gmt":"2026-04-20T06:31:58","slug":"era-merkkeja","status":"publish","type":"product","link":"https:\/\/finncoin.com\/fi\/product\/era-merkkeja\/","title":{"rendered":"Er\u00e4 merkkej\u00e4"},"content":{"rendered":"","protected":false},"excerpt":{"rendered":"<p>Kunto: Tyydytt\u00e4v\u00e4 &#8211; Hyv\u00e4<\/p>\n","protected":false},"featured_media":140057,"template":"","meta":{"_acf_changed":false},"product_brand":[],"product_cat":[84,89,87],"product_tag":[],"class_list":{"0":"post-140051","1":"product","2":"type-product","3":"status-publish","4":"has-post-thumbnail","6":"product_cat-jatkosota-1941-1945","7":"product_cat-talvisota-1939-1940","8":"product_cat-vapaussota-1918","9":"product_shipping_class-kirjeposti","11":"first","12":"instock","13":"shipping-taxable","14":"purchasable","15":"product-type-simple"},"acf":[],"_links":{"self":[{"href":"https:\/\/finncoin.com\/fi\/wp-json\/wp\/v2\/product\/140051","targetHints":{"allow":["GET"]}}],"collection":[{"href":"https:\/\/finncoin.com\/fi\/wp-json\/wp\/v2\/product"}],"about":[{"href":"https:\/\/finncoin.com\/fi\/wp-json\/wp\/v2\/types\/product"}],"wp:featuredmedia":[{"embeddable":true,"href":"https:\/\/finncoin.com\/fi\/wp-json\/wp\/v2\/media\/140057"}],"wp:attachment":[{"href":"https:\/\/finncoin.com\/fi\/wp-json\/wp\/v2\/media?parent=140051"}],"wp:term":[{"taxonomy":"product_brand","embeddable":true,"href":"https:\/\/finncoin.com\/fi\/wp-json\/wp\/v2\/product_brand?post=140051"},{"taxonomy":"product_cat","embeddable":true,"href":"https:\/\/finncoin.com\/fi\/wp-json\/wp\/v2\/product_cat?post=140051"},{"taxonomy":"product_tag","embeddable":true,"href":"https:\/\/finncoin.com\/fi\/wp-json\/wp\/v2\/product_tag?post=140051"}],"curies":[{"name":"wp","href":"https:\/\/api.w.org\/{rel}","templated":true}]}}