{"id":139903,"date":"2026-04-18T13:30:36","date_gmt":"2026-04-18T10:30:36","guid":{"rendered":"https:\/\/finncoin.com\/?post_type=product&#038;p=139903"},"modified":"2026-04-18T13:30:37","modified_gmt":"2026-04-18T10:30:37","slug":"puhelin-poletit-25kpl","status":"publish","type":"product","link":"https:\/\/finncoin.com\/fi\/product\/puhelin-poletit-25kpl\/","title":{"rendered":"Puhelin poletit, 25kpl"},"content":{"rendered":"","protected":false},"excerpt":{"rendered":"<p>posti ja lenn\u00e4tinlaitos, Turku, Tampere, Kankaanp\u00e4\u00e4, Oulu, Ruovesi, H\u00e4meenlinna, Parkano, Hyvink\u00e4\u00e4, Kotka<\/p>\n<p>Kunto: 1 &#8211; 01<\/p>\n","protected":false},"featured_media":139917,"template":"","meta":{"_acf_changed":false},"product_brand":[],"product_cat":[245],"product_tag":[],"class_list":{"0":"post-139903","1":"product","2":"type-product","3":"status-publish","4":"has-post-thumbnail","6":"product_cat-poletit","7":"product_shipping_class-kirjeposti","9":"first","10":"instock","11":"shipping-taxable","12":"purchasable","13":"product-type-simple"},"acf":[],"_links":{"self":[{"href":"https:\/\/finncoin.com\/fi\/wp-json\/wp\/v2\/product\/139903","targetHints":{"allow":["GET"]}}],"collection":[{"href":"https:\/\/finncoin.com\/fi\/wp-json\/wp\/v2\/product"}],"about":[{"href":"https:\/\/finncoin.com\/fi\/wp-json\/wp\/v2\/types\/product"}],"wp:featuredmedia":[{"embeddable":true,"href":"https:\/\/finncoin.com\/fi\/wp-json\/wp\/v2\/media\/139917"}],"wp:attachment":[{"href":"https:\/\/finncoin.com\/fi\/wp-json\/wp\/v2\/media?parent=139903"}],"wp:term":[{"taxonomy":"product_brand","embeddable":true,"href":"https:\/\/finncoin.com\/fi\/wp-json\/wp\/v2\/product_brand?post=139903"},{"taxonomy":"product_cat","embeddable":true,"href":"https:\/\/finncoin.com\/fi\/wp-json\/wp\/v2\/product_cat?post=139903"},{"taxonomy":"product_tag","embeddable":true,"href":"https:\/\/finncoin.com\/fi\/wp-json\/wp\/v2\/product_tag?post=139903"}],"curies":[{"name":"wp","href":"https:\/\/api.w.org\/{rel}","templated":true}]}}