{"id":139789,"date":"2026-04-18T12:00:53","date_gmt":"2026-04-18T09:00:53","guid":{"rendered":"https:\/\/finncoin.com\/?post_type=product&#038;p=139789"},"modified":"2026-04-18T13:58:17","modified_gmt":"2026-04-18T10:58:17","slug":"10-markkaa-1980-tahti-perakkaiset-numerot-2","status":"publish","type":"product","link":"https:\/\/finncoin.com\/fi\/product\/10-markkaa-1980-tahti-perakkaiset-numerot-2\/","title":{"rendered":"10 Markkaa 1980 T\u00e4hti, per\u00e4kk\u00e4iset numerot"},"content":{"rendered":"","protected":false},"excerpt":{"rendered":"<p>SNY 147.2.3<\/p>\n<p>D0397965-D0397976<\/p>\n<p>D0497965-D0497976<\/p>\n<p>Kunto: 01<\/p>\n","protected":false},"featured_media":139925,"template":"","meta":{"_acf_changed":false},"product_brand":[],"product_cat":[816],"product_tag":[],"class_list":{"0":"post-139789","1":"product","2":"type-product","3":"status-publish","4":"has-post-thumbnail","6":"product_cat-1980-korvaavat","8":"first","9":"instock","10":"shipping-taxable","11":"purchasable","12":"product-type-simple"},"acf":[],"_links":{"self":[{"href":"https:\/\/finncoin.com\/fi\/wp-json\/wp\/v2\/product\/139789","targetHints":{"allow":["GET"]}}],"collection":[{"href":"https:\/\/finncoin.com\/fi\/wp-json\/wp\/v2\/product"}],"about":[{"href":"https:\/\/finncoin.com\/fi\/wp-json\/wp\/v2\/types\/product"}],"wp:featuredmedia":[{"embeddable":true,"href":"https:\/\/finncoin.com\/fi\/wp-json\/wp\/v2\/media\/139925"}],"wp:attachment":[{"href":"https:\/\/finncoin.com\/fi\/wp-json\/wp\/v2\/media?parent=139789"}],"wp:term":[{"taxonomy":"product_brand","embeddable":true,"href":"https:\/\/finncoin.com\/fi\/wp-json\/wp\/v2\/product_brand?post=139789"},{"taxonomy":"product_cat","embeddable":true,"href":"https:\/\/finncoin.com\/fi\/wp-json\/wp\/v2\/product_cat?post=139789"},{"taxonomy":"product_tag","embeddable":true,"href":"https:\/\/finncoin.com\/fi\/wp-json\/wp\/v2\/product_tag?post=139789"}],"curies":[{"name":"wp","href":"https:\/\/api.w.org\/{rel}","templated":true}]}}