{"id":139071,"date":"2026-04-13T13:23:27","date_gmt":"2026-04-13T10:23:27","guid":{"rendered":"https:\/\/finncoin.com\/?post_type=product&#038;p=139071"},"modified":"2026-04-13T13:23:27","modified_gmt":"2026-04-13T10:23:27","slug":"jaakarikunniamerkki-2","status":"publish","type":"product","link":"https:\/\/finncoin.com\/fi\/product\/jaakarikunniamerkki-2\/","title":{"rendered":"J\u00e4\u00e4k\u00e4rikunniamerkki"},"content":{"rendered":"","protected":false},"excerpt":{"rendered":"<p>aito kaksoiskappale, korvaa kadonneen tai vaurioituneen alkuper\u00e4isen<\/p>\n<p>hopeaa<\/p>\n<p>37,66 x 37,91mm<\/p>\n<p>12g<\/p>\n<p>valmistaja: WP Wilhelm Pettersson, P5 -1920<\/p>\n<p>Tiainen 6.6.2a<\/p>\n<p>Kunto: Tyydytt\u00e4v\u00e4<\/p>\n","protected":false},"featured_media":139089,"template":"","meta":{"_acf_changed":false},"product_brand":[],"product_cat":[87],"product_tag":[],"class_list":{"0":"post-139071","1":"product","2":"type-product","3":"status-publish","4":"has-post-thumbnail","6":"product_cat-vapaussota-1918","7":"product_shipping_class-kirjeposti","9":"first","10":"outofstock","11":"shipping-taxable","12":"purchasable","13":"product-type-simple"},"acf":[],"_links":{"self":[{"href":"https:\/\/finncoin.com\/fi\/wp-json\/wp\/v2\/product\/139071","targetHints":{"allow":["GET"]}}],"collection":[{"href":"https:\/\/finncoin.com\/fi\/wp-json\/wp\/v2\/product"}],"about":[{"href":"https:\/\/finncoin.com\/fi\/wp-json\/wp\/v2\/types\/product"}],"wp:featuredmedia":[{"embeddable":true,"href":"https:\/\/finncoin.com\/fi\/wp-json\/wp\/v2\/media\/139089"}],"wp:attachment":[{"href":"https:\/\/finncoin.com\/fi\/wp-json\/wp\/v2\/media?parent=139071"}],"wp:term":[{"taxonomy":"product_brand","embeddable":true,"href":"https:\/\/finncoin.com\/fi\/wp-json\/wp\/v2\/product_brand?post=139071"},{"taxonomy":"product_cat","embeddable":true,"href":"https:\/\/finncoin.com\/fi\/wp-json\/wp\/v2\/product_cat?post=139071"},{"taxonomy":"product_tag","embeddable":true,"href":"https:\/\/finncoin.com\/fi\/wp-json\/wp\/v2\/product_tag?post=139071"}],"curies":[{"name":"wp","href":"https:\/\/api.w.org\/{rel}","templated":true}]}}