{"id":139009,"date":"2026-04-13T11:03:25","date_gmt":"2026-04-13T08:03:25","guid":{"rendered":"https:\/\/finncoin.com\/?post_type=product&#038;p=139009"},"modified":"2026-04-13T11:03:26","modified_gmt":"2026-04-13T08:03:26","slug":"kunniamerkki-ripa-5-merkilla","status":"publish","type":"product","link":"https:\/\/finncoin.com\/fi\/product\/kunniamerkki-ripa-5-merkilla\/","title":{"rendered":"Kunniamerkki ripa 5 merkill\u00e4"},"content":{"rendered":"","protected":false},"excerpt":{"rendered":"<p>teollisuusmitali 1941, VSMM, TSMM, v\u00e4est\u00f6nsuojelun 1lk ansiomitali 1939-40, urheilun hopeinen ansioristi<\/p>\n<p>Kunto: Hyv\u00e4<\/p>\n","protected":false},"featured_media":139015,"template":"","meta":{"_acf_changed":false},"product_brand":[],"product_cat":[84,89,87],"product_tag":[],"class_list":{"0":"post-139009","1":"product","2":"type-product","3":"status-publish","4":"has-post-thumbnail","6":"product_cat-jatkosota-1941-1945","7":"product_cat-talvisota-1939-1940","8":"product_cat-vapaussota-1918","9":"product_shipping_class-kirjeposti","11":"first","12":"instock","13":"shipping-taxable","14":"purchasable","15":"product-type-simple"},"acf":[],"_links":{"self":[{"href":"https:\/\/finncoin.com\/fi\/wp-json\/wp\/v2\/product\/139009","targetHints":{"allow":["GET"]}}],"collection":[{"href":"https:\/\/finncoin.com\/fi\/wp-json\/wp\/v2\/product"}],"about":[{"href":"https:\/\/finncoin.com\/fi\/wp-json\/wp\/v2\/types\/product"}],"wp:featuredmedia":[{"embeddable":true,"href":"https:\/\/finncoin.com\/fi\/wp-json\/wp\/v2\/media\/139015"}],"wp:attachment":[{"href":"https:\/\/finncoin.com\/fi\/wp-json\/wp\/v2\/media?parent=139009"}],"wp:term":[{"taxonomy":"product_brand","embeddable":true,"href":"https:\/\/finncoin.com\/fi\/wp-json\/wp\/v2\/product_brand?post=139009"},{"taxonomy":"product_cat","embeddable":true,"href":"https:\/\/finncoin.com\/fi\/wp-json\/wp\/v2\/product_cat?post=139009"},{"taxonomy":"product_tag","embeddable":true,"href":"https:\/\/finncoin.com\/fi\/wp-json\/wp\/v2\/product_tag?post=139009"}],"curies":[{"name":"wp","href":"https:\/\/api.w.org\/{rel}","templated":true}]}}