{"id":138177,"date":"2026-03-28T09:08:12","date_gmt":"2026-03-28T07:08:12","guid":{"rendered":"https:\/\/finncoin.com\/?post_type=product&#038;p=138177"},"modified":"2026-03-28T09:08:13","modified_gmt":"2026-03-28T07:08:13","slug":"aleksanteri-iin-muistomerkin-paljastus-helsingin-senaatintorilla-1894","status":"publish","type":"product","link":"https:\/\/finncoin.com\/fi\/product\/aleksanteri-iin-muistomerkin-paljastus-helsingin-senaatintorilla-1894\/","title":{"rendered":"Aleksanteri II:n muistomerkin paljastus Helsingin Senaatintorilla 1894"},"content":{"rendered":"","protected":false},"excerpt":{"rendered":"<p>pronssia<\/p>\n<p>69mm<\/p>\n<p>Suunnittelija : Grilliches<\/p>\n<p>Bostr\u00f6m II 25:1<\/p>\n<p>Kunto: 01, liimaj\u00e4\u00e4mi\u00e4 reunassa<\/p>\n","protected":false},"featured_media":138187,"template":"","meta":{"_acf_changed":false},"product_brand":[],"product_cat":[249,96],"product_tag":[],"class_list":{"0":"post-138177","1":"product","2":"type-product","3":"status-publish","4":"has-post-thumbnail","6":"product_cat-exonumia-fi","7":"product_cat-venalaiset-mitalit-1700-1917","8":"product_shipping_class-kirjeposti","10":"first","11":"instock","12":"shipping-taxable","13":"purchasable","14":"product-type-simple"},"acf":[],"_links":{"self":[{"href":"https:\/\/finncoin.com\/fi\/wp-json\/wp\/v2\/product\/138177","targetHints":{"allow":["GET"]}}],"collection":[{"href":"https:\/\/finncoin.com\/fi\/wp-json\/wp\/v2\/product"}],"about":[{"href":"https:\/\/finncoin.com\/fi\/wp-json\/wp\/v2\/types\/product"}],"wp:featuredmedia":[{"embeddable":true,"href":"https:\/\/finncoin.com\/fi\/wp-json\/wp\/v2\/media\/138187"}],"wp:attachment":[{"href":"https:\/\/finncoin.com\/fi\/wp-json\/wp\/v2\/media?parent=138177"}],"wp:term":[{"taxonomy":"product_brand","embeddable":true,"href":"https:\/\/finncoin.com\/fi\/wp-json\/wp\/v2\/product_brand?post=138177"},{"taxonomy":"product_cat","embeddable":true,"href":"https:\/\/finncoin.com\/fi\/wp-json\/wp\/v2\/product_cat?post=138177"},{"taxonomy":"product_tag","embeddable":true,"href":"https:\/\/finncoin.com\/fi\/wp-json\/wp\/v2\/product_tag?post=138177"}],"curies":[{"name":"wp","href":"https:\/\/api.w.org\/{rel}","templated":true}]}}